{"id":124,"date":"2020-02-15T17:15:33","date_gmt":"2020-02-15T15:15:33","guid":{"rendered":"https:\/\/csf.filosofie.unibuc.ro\/?page_id=124"},"modified":"2020-10-09T17:36:25","modified_gmt":"2020-10-09T15:36:25","slug":"colocvii-workshop-uri-seminarii","status":"publish","type":"page","link":"https:\/\/csf.filosofie.unibuc.ro\/?page_id=124","title":{"rendered":"CURSURI"},"content":{"rendered":"<p>&nbsp;<\/p>\n<p><strong>Cursuri la licen\u021b\u0103<\/strong><\/p>\n<p>Fenomenologie (anul III, sem. I)<\/p>\n<p><a href=\"https:\/\/csf.filosofie.unibuc.ro\/?page_id=564\">Hermeneutic\u0103 (anul III, sem. al II-lea)<\/a><\/p>\n<p>&nbsp;<\/p>\n<p><strong>Cursuri la master<\/strong><\/p>\n<p>Fenomenologie german\u0103 (anul II, sem. I)<\/p>\n<p><a href=\"https:\/\/csf.filosofie.unibuc.ro\/?page_id=569\">Fenomenologie francez\u0103 (anul II, sem. al II-lea)<\/a><\/p>\n<p>&nbsp;<\/p>\n<p><strong>Cursuri op\u021bionale<\/strong><\/p>\n<p><a href=\"https:\/\/csf.filosofie.unibuc.ro\/?page_id=554\">Introducere \u00een fenomenologie: Brentano \u0219i Husserl (2020\/2021, sem. I)<\/a><\/p>\n<p>Despre limb\u0103: Heidegger \u0219i Merleau-Ponty (2019\/2020, sem. al II-lea)<\/p>\n<p>Heidegger \u0219i Heraclit (2019\/2020, sem. I)<\/p>\n","protected":false},"excerpt":{"rendered":"<p>&nbsp; Cursuri la licen\u021b\u0103 Fenomenologie (anul III, sem. I) Hermeneutic\u0103 (anul III, sem. al II-lea) &nbsp; Cursuri la master Fenomenologie german\u0103 (anul II, sem. I) Fenomenologie francez\u0103 (anul II, sem. al II-lea) &nbsp; Cursuri op\u021bionale Introducere \u00een fenomenologie: Brentano \u0219i Husserl (2020\/2021, sem. I) Despre limb\u0103: Heidegger \u0219i Merleau-Ponty (2019\/2020, sem. al II-lea) Heidegger \u0219i&hellip;<\/p>\n","protected":false},"author":1,"featured_media":0,"parent":0,"menu_order":0,"comment_status":"closed","ping_status":"closed","template":"","meta":{"footnotes":""},"class_list":["post-124","page","type-page","status-publish","hentry"],"_links":{"self":[{"href":"https:\/\/csf.filosofie.unibuc.ro\/index.php?rest_route=\/wp\/v2\/pages\/124","targetHints":{"allow":["GET"]}}],"collection":[{"href":"https:\/\/csf.filosofie.unibuc.ro\/index.php?rest_route=\/wp\/v2\/pages"}],"about":[{"href":"https:\/\/csf.filosofie.unibuc.ro\/index.php?rest_route=\/wp\/v2\/types\/page"}],"author":[{"embeddable":true,"href":"https:\/\/csf.filosofie.unibuc.ro\/index.php?rest_route=\/wp\/v2\/users\/1"}],"replies":[{"embeddable":true,"href":"https:\/\/csf.filosofie.unibuc.ro\/index.php?rest_route=%2Fwp%2Fv2%2Fcomments&post=124"}],"version-history":[{"count":13,"href":"https:\/\/csf.filosofie.unibuc.ro\/index.php?rest_route=\/wp\/v2\/pages\/124\/revisions"}],"predecessor-version":[{"id":669,"href":"https:\/\/csf.filosofie.unibuc.ro\/index.php?rest_route=\/wp\/v2\/pages\/124\/revisions\/669"}],"wp:attachment":[{"href":"https:\/\/csf.filosofie.unibuc.ro\/index.php?rest_route=%2Fwp%2Fv2%2Fmedia&parent=124"}],"curies":[{"name":"wp","href":"https:\/\/api.w.org\/{rel}","templated":true}]}}