{"id":132,"date":"2020-02-15T21:08:40","date_gmt":"2020-02-15T19:08:40","guid":{"rendered":"https:\/\/csf.filosofie.unibuc.ro\/?page_id=132"},"modified":"2023-07-01T08:41:20","modified_gmt":"2023-07-01T06:41:20","slug":"despre-centru","status":"publish","type":"page","link":"https:\/\/csf.filosofie.unibuc.ro\/","title":{"rendered":"Despre"},"content":{"rendered":"<p>&nbsp;<\/p>\n<p>\u201eIar ast\u0103zi? Timpul filozofiei fenomenologice pare s\u0103 fi apus. Fenomenologia e privit\u0103 ca ceva ce \u021bine de trecut, nemaifiind amintit\u0103 dec\u00e2t dintr-un interes istoric, al\u0103turi de alte orient\u0103ri filozofice. Numai c\u0103 fenomenologia, \u00een ceea ce ea are mai propriu, nu este o orientare. Ea reprezint\u0103 tocmai posibilitatea \u2013 ce cunoa\u0219te odat\u0103 cu fiecare epoc\u0103 transform\u0103ri, \u0219i care numai astfel r\u00e3m\u00e2ne o posibilitate statornic\u0103 \u2013 de a g\u00e2ndi, adic\u0103 de a exprima \u00een deplin\u0103 adecvare lucrul care trebuie g\u00e2ndit, r\u0103spunz\u00e2nd exigen\u021bei sale. Dac\u0103 asta \u00een\u021belegem prin fenomenologie \u0219i dac\u0103 \u0219tim s\u0103 p\u0103str\u0103m acest \u00een\u021beles, atunci ea poate s\u0103 dispar\u0103 ca denumire, pentru ca \u00een locul ei s\u0103 apar\u0103 chiar lucrul de care g\u00e2ndirea se preocup\u0103, a c\u0103rui stare de manifestare r\u0103m\u00e2ne totdeauna un mister.\u201c<\/p>\n<p style=\"text-align: right;\">Martin Heidegger, \u201eDrumul meu \u00een fenomenologie\u201c (1963)<\/p>\n<p>&nbsp;<\/p>\n<p style=\"text-align: right;\">\n","protected":false},"excerpt":{"rendered":"<p>&nbsp; \u201eIar ast\u0103zi? Timpul filozofiei fenomenologice pare s\u0103 fi apus. Fenomenologia e privit\u0103 ca ceva ce \u021bine de trecut, nemaifiind amintit\u0103 dec\u00e2t dintr-un interes istoric, al\u0103turi de alte orient\u0103ri filozofice. Numai c\u0103 fenomenologia, \u00een ceea ce ea are mai propriu, nu este o orientare. Ea reprezint\u0103 tocmai posibilitatea \u2013 ce cunoa\u0219te odat\u0103 cu fiecare epoc\u0103&hellip;<\/p>\n","protected":false},"author":1,"featured_media":0,"parent":0,"menu_order":0,"comment_status":"closed","ping_status":"closed","template":"","meta":{"footnotes":""},"class_list":["post-132","page","type-page","status-publish","hentry"],"_links":{"self":[{"href":"https:\/\/csf.filosofie.unibuc.ro\/index.php?rest_route=\/wp\/v2\/pages\/132","targetHints":{"allow":["GET"]}}],"collection":[{"href":"https:\/\/csf.filosofie.unibuc.ro\/index.php?rest_route=\/wp\/v2\/pages"}],"about":[{"href":"https:\/\/csf.filosofie.unibuc.ro\/index.php?rest_route=\/wp\/v2\/types\/page"}],"author":[{"embeddable":true,"href":"https:\/\/csf.filosofie.unibuc.ro\/index.php?rest_route=\/wp\/v2\/users\/1"}],"replies":[{"embeddable":true,"href":"https:\/\/csf.filosofie.unibuc.ro\/index.php?rest_route=%2Fwp%2Fv2%2Fcomments&post=132"}],"version-history":[{"count":12,"href":"https:\/\/csf.filosofie.unibuc.ro\/index.php?rest_route=\/wp\/v2\/pages\/132\/revisions"}],"predecessor-version":[{"id":820,"href":"https:\/\/csf.filosofie.unibuc.ro\/index.php?rest_route=\/wp\/v2\/pages\/132\/revisions\/820"}],"wp:attachment":[{"href":"https:\/\/csf.filosofie.unibuc.ro\/index.php?rest_route=%2Fwp%2Fv2%2Fmedia&parent=132"}],"curies":[{"name":"wp","href":"https:\/\/api.w.org\/{rel}","templated":true}]}}