{"id":140,"date":"2020-02-15T21:21:02","date_gmt":"2020-02-15T19:21:02","guid":{"rendered":"https:\/\/csf.filosofie.unibuc.ro\/?page_id=140"},"modified":"2026-02-04T20:03:41","modified_gmt":"2026-02-04T18:03:41","slug":"practica-pentru-studenti","status":"publish","type":"page","link":"https:\/\/csf.filosofie.unibuc.ro\/?page_id=140","title":{"rendered":"PRACTIC\u0102 pentru STUDEN\u021aI"},"content":{"rendered":"<p>Studen\u021bii \u0219i studentele care doresc s\u0103 ob\u021bin\u0103 un certificat de practic\u0103 de la Centrul de Studii Fenomenologice trebuie s\u0103 alc\u0103tuiasc\u0103 un dosar de mini-recenzii despre cel pu\u021bin 15 c\u0103r\u021bi \u0219i\/sau articole cu tematic\u0103 fenomenologic\u0103. Este, de asemenea, posibil s\u0103 fie alc\u0103tuit un dosar cu teme conexe fenomenologiei. De pild\u0103, \u201efenomenologie \u0219i literatur\u0103\u201c, \u201efenomenologie \u0219i estetic\u0103\u201c, \u201efenomenologie \u0219i film\/cinema\u201c etc. Pentru o c\u00e2t mai bun\u0103 alc\u0103tuire a acestui dosar, studen\u021bii \u0219i studentele sunt ruga\u021bi\/rugate s\u0103 trimit\u0103 un mail la adresa de <a href=\"https:\/\/csf.filosofie.unibuc.ro\/?page_id=214\">CONTACT<\/a> a Centrului.<\/p>\n<p>O recenzie ar trebui s\u0103 aib\u0103 m\u0103rimea unei jum\u0103t\u0103\u021bi de pagin\u0103 A4 (font Times New Roman, m\u0103rime 12, spa\u021biere 1.5).<\/p>\n<p>&nbsp;<\/p>\n<p><a href=\"https:\/\/csf.filosofie.unibuc.ro\/wp-content\/uploads\/2021\/07\/Victoria-CHIRICA-Fenomenologie-si-tragic-literatura-.pdf\">Victoria Chirica: Fenomenologie \u0219i tragic\/literatur\u0103<\/a><\/p>\n<p><a href=\"https:\/\/csf.filosofie.unibuc.ro\/wp-content\/uploads\/2023\/02\/Rafael-Kilin-Fenomenologie-si-psihologie.pdf\">Rafael Kilin: Fenomenologie \u0219i psihologie<\/a><\/p>\n<p><a href=\"https:\/\/csf.filosofie.unibuc.ro\/wp-content\/uploads\/2023\/09\/Phenomenology-and-Cognitive-Science.pdf\">Alexandra Ciubotaru: Phenomenology and Cognitive Science<\/a><\/p>\n<p><a href=\"https:\/\/csf.filosofie.unibuc.ro\/wp-content\/uploads\/2024\/01\/phenomenology-and-film-andreea-dobre.pdf\">Andreea Dobre: Phenomenology and film<\/a><\/p>\n<p><a href=\"https:\/\/csf.filosofie.unibuc.ro\/wp-content\/uploads\/2024\/02\/Rafael-Kilin-Fenomenologie-si-Hermeneutica-Psihologie-1.pdf\">Rafael Kilin &#8211; Fenomenologie \u0219i Hermeneutic\u0103 &amp; Psihologie<\/a><\/p>\n<p><a href=\"https:\/\/csf.filosofie.unibuc.ro\/wp-content\/uploads\/2025\/02\/Dobre-Andreea-the-phenomenology-of-time-andreea-dobre-icif.pdf\">Andreea Dobre: Phenomenology of Time<\/a><\/p>\n<p><a href=\"https:\/\/csf.filosofie.unibuc.ro\/wp-content\/uploads\/2025\/02\/Alexandru-Voicescu-ICIF-an-1-Fenomenologie-teatru-si-reprezentare.pdf\">Alexandru Nemerovschi-Voicescu &#8211; Fenomenologie, teatru \u0219i reprezentare<\/a><\/p>\n<p><a href=\"https:\/\/csf.filosofie.unibuc.ro\/wp-content\/uploads\/2025\/06\/Phenomenology-of-death.pdf\">Andreea Dobre: Phenomenology of death<\/a><\/p>\n<p><a href=\"https:\/\/csf.filosofie.unibuc.ro\/wp-content\/uploads\/2026\/01\/DOBRE-phenomenology-and-ancient-thought-andreea-dobre.pdf\">Andreea Dobre: Phenomenology and Ancient Thought<\/a><\/p>\n<p><a href=\"https:\/\/csf.filosofie.unibuc.ro\/wp-content\/uploads\/2026\/02\/practica-Sacrieru-Ioan-Nicolae.pdf\">Nicolae S\u0103crieru: Fenomenologie german\u0103 \u0219i francez\u0103<\/a><\/p>\n","protected":false},"excerpt":{"rendered":"<p>Studen\u021bii \u0219i studentele care doresc s\u0103 ob\u021bin\u0103 un certificat de practic\u0103 de la Centrul de Studii Fenomenologice trebuie s\u0103 alc\u0103tuiasc\u0103 un dosar de mini-recenzii despre cel pu\u021bin 15 c\u0103r\u021bi \u0219i\/sau articole cu tematic\u0103 fenomenologic\u0103. Este, de asemenea, posibil s\u0103 fie alc\u0103tuit un dosar cu teme conexe fenomenologiei. De pild\u0103, \u201efenomenologie \u0219i literatur\u0103\u201c, \u201efenomenologie \u0219i estetic\u0103\u201c,&hellip;<\/p>\n","protected":false},"author":1,"featured_media":0,"parent":0,"menu_order":0,"comment_status":"closed","ping_status":"closed","template":"","meta":{"footnotes":""},"class_list":["post-140","page","type-page","status-publish","hentry"],"_links":{"self":[{"href":"https:\/\/csf.filosofie.unibuc.ro\/index.php?rest_route=\/wp\/v2\/pages\/140","targetHints":{"allow":["GET"]}}],"collection":[{"href":"https:\/\/csf.filosofie.unibuc.ro\/index.php?rest_route=\/wp\/v2\/pages"}],"about":[{"href":"https:\/\/csf.filosofie.unibuc.ro\/index.php?rest_route=\/wp\/v2\/types\/page"}],"author":[{"embeddable":true,"href":"https:\/\/csf.filosofie.unibuc.ro\/index.php?rest_route=\/wp\/v2\/users\/1"}],"replies":[{"embeddable":true,"href":"https:\/\/csf.filosofie.unibuc.ro\/index.php?rest_route=%2Fwp%2Fv2%2Fcomments&post=140"}],"version-history":[{"count":24,"href":"https:\/\/csf.filosofie.unibuc.ro\/index.php?rest_route=\/wp\/v2\/pages\/140\/revisions"}],"predecessor-version":[{"id":912,"href":"https:\/\/csf.filosofie.unibuc.ro\/index.php?rest_route=\/wp\/v2\/pages\/140\/revisions\/912"}],"wp:attachment":[{"href":"https:\/\/csf.filosofie.unibuc.ro\/index.php?rest_route=%2Fwp%2Fv2%2Fmedia&parent=140"}],"curies":[{"name":"wp","href":"https:\/\/api.w.org\/{rel}","templated":true}]}}