{"id":152,"date":"2020-02-15T23:21:15","date_gmt":"2020-02-15T21:21:15","guid":{"rendered":"https:\/\/csf.filosofie.unibuc.ro\/?page_id=152"},"modified":"2026-01-22T09:28:25","modified_gmt":"2026-01-22T07:28:25","slug":"links","status":"publish","type":"page","link":"https:\/\/csf.filosofie.unibuc.ro\/?page_id=152","title":{"rendered":"LINKS"},"content":{"rendered":"<p>&nbsp;<\/p>\n<p>SPA\u021aIUL ROM\u00c2NESC \u0219i REGIONAL<\/p>\n<p><a href=\"https:\/\/phenomenology.ro\">Societatea Rom\u00e2n\u0103 de Fenomenologie<\/a><\/p>\n<p><a href=\"https:\/\/institute.phenomenology.ro\">Institutul de Filozofie \u201eAlexandru Dragomir\u201c<\/a><\/p>\n<p><a href=\"https:\/\/www.fssp.uaic.ro\/departamente\/filosofie\/centrul-de-hermeneutica-fenomenologie-si-filosofie-practica\">Centrul de Hermeneutic\u0103, Fenomenologie \u0219i Filosofie Practic\u0103<\/a>, Universitatea A.I. Cuza, Ia\u0219i<\/p>\n<p><a href=\"https:\/\/ceesp.org\">Central and East European Society for Phenomenology<\/a> (CEESP)<\/p>\n<p><a href=\"https:\/\/www.zetabooks.com\/journals\/studia-phaenomenologica.html\"><em>Studia Phaenomenologica<\/em><\/a>, Journal of the Romanian Society for Phenomenology<\/p>\n<p><a href=\"https:\/\/www.metajournal.org\/display_page.php?title=home\">Meta. Research in Hermeneutics, Phenomenology, and Practical Philosophy<\/a><\/p>\n<p><a href=\"http:\/\/hermeneia.ro\">Hermeneia. Journal of Hermeneutics, Art Theory and Criticism<\/a><\/p>\n<p><a href=\"https:\/\/studiaphilosophia.wordpress.com\">Studia UBB &#8211; Philosophia<\/a><\/p>\n<p><a href=\"http:\/\/www.institutuldefilosofie.ro\/page.php?47\">Revue Roumaine de Philosophie<\/a><\/p>\n<p><a href=\"http:\/\/www.institutuldefilosofie.ro\/page.php?13\">Revista de Filosofie<\/a><\/p>\n<p>&nbsp;<\/p>\n<p>&nbsp;<\/p>\n<p>SOCIET\u0102\u021aI de FENOMENOLOGIE, CENTRE de CERCETARE, PROIECTE<\/p>\n<p><a href=\"http:\/\/phaenomenologische-forschung.de\">Deutsche Gesellschaft f\u00fcr ph\u00e4nomenologische Forschung<\/a><\/p>\n<p><a href=\"http:\/\/www.tuebinger-phaenomenologie.de\">T\u00fcbinger Gesellschaft f\u00fcr Ph\u00e4nomenologische Philosophie<\/a><\/p>\n<p><a href=\"https:\/\/nordicsocietyforphenomenology.wordpress.com\">Nordic Society for Phenomenology<\/a> (NoSP)<\/p>\n<p><a href=\"https:\/\/phenomenology-carp.org\">Center for Advanced Research in Phenomenology<\/a> (CARP)<\/p>\n<p><a href=\"https:\/\/www.britishphenomenology.org.uk\">British Society for Phenomenology<\/a><\/p>\n<p><a href=\"https:\/\/cfs.ku.dk\">Center for Subjectivity Research<\/a>, University of Copenhagen<\/p>\n<p><a href=\"https:\/\/hiw.kuleuven.be\/hua\">Husserl Archives Leuven\/Louvain<\/a>, KU Leuven<\/p>\n<p><a href=\"https:\/\/husserl.phil-fak.uni-koeln.de\">Husserl Archives K\u00f6ln<\/a>, Universit\u00e4t K\u00f6ln<\/p>\n<p><a href=\"http:\/\/www.husserlarchiv.de\">Husserl Archives Freiburg<\/a>, Universit\u00e4t Freiburg<\/p>\n<p><a href=\"https:\/\/philosophie.ens.fr\/-Les-Archives-Husserl-.html\">Les Archives Husserl Paris<\/a>, \u00c9cole Normale Sup\u00e9rieure<\/p>\n<p><a href=\"https:\/\/www.heidegger-gesellschaft.de\">Martin Heidegger Gesellschaft<\/a><\/p>\n<p><a href=\"https:\/\/gams.uni-graz.at\/context:bag\">Franz Brentano Archiv Graz<\/a><\/p>\n<p><a href=\"https:\/\/itp-buw.de\/marc-richir-archiv\/\">Marc Richir Archiv<\/a>, Wuppertal, Institut f\u00fcr Transzendentalphilosophie und Ph\u00e4nomenologie<\/p>\n<p><a href=\"https:\/\/centroitalianodiricerchefenomenologiche.it\/english-section\/\">Centro Italiano Ricerche Fenomenologiche<\/a><\/p>\n<p><a href=\"http:\/\/www.phenomenology.org\">World Phenomenology Institute<\/a><\/p>\n<p><a href=\"http:\/\/www.scienzanuova.org\/it\/tag\/gino-zaccaria\/\">Scienza Nuova &#8211; Gino Zaccaria<\/a><\/p>\n<p><a href=\"http:\/\/www.eudia.org\">Eudia<\/a><\/p>\n<p><a href=\"http:\/\/www.elementaoeconomica.org\">Elementa Oeconomica<\/a><\/p>\n<p>&nbsp;<\/p>\n<p>&nbsp;<\/p>\n<p>RESURSE<\/p>\n<p><a href=\"https:\/\/newsletter-phenomenology.ophen.org\">Newsletter of Phenomenology<\/a><\/p>\n<p><a href=\"https:\/\/reviews.ophen.org\">Phenomenological Reviews<\/a><\/p>\n<p><a href=\"https:\/\/ophen.org\">The Open Commons of Phenomenology<\/a><\/p>\n<p>&nbsp;<\/p>\n<p>&nbsp;<\/p>\n<p>REVISTE \u0219i COLEC\u021aII cu profil fenomenologic<\/p>\n<p><a href=\"https:\/\/zetabooks.com\/library\/journals\/studia-phaenomenologica\/\">Studia Phaenomenologica<\/a><\/p>\n<p><a href=\"https:\/\/www.tandfonline.com\/loi\/rbsp20\">Journal of the British Society for Phenomenology<\/a><\/p>\n<p><a href=\"https:\/\/brill.com\/view\/journals\/rip\/rip-overview.xml\">Research in Phenomenology<\/a><\/p>\n<p><a href=\"https:\/\/onlinelibrary.wiley.com\/journal\/19331592\">Philosophy and Phenomenological Research<\/a><\/p>\n<p><a href=\"https:\/\/brill.com\/view\/serial\/SCP\">Studies in Contemporary Phenomenology<\/a><\/p>\n<p><a href=\"https:\/\/www.routledge.com\/Routledge-Research-in-Phenomenology\/book-series\/RRP\">Routledge Research in Phenomenology<\/a><\/p>\n<p><a href=\"https:\/\/link.springer.com\/journal\/10743\">Husserl Studies<\/a><\/p>\n<p><a href=\"https:\/\/www.pdcnet.org\/heideggerstud\/Heidegger-Studies\">Heidegger Studies<\/a><\/p>\n<p><a href=\"https:\/\/www.herder.de\/philosophie-ethik-shop\/jahrbuecher\/heidegger-jahrbuch\/c-27\/c-282\/\">Heidegger Jahrbuch<\/a><\/p>\n<p><a href=\"https:\/\/www.pdcnet.org\/collection-anonymous\/browse?fp=levinas&amp;fq=levinas%2FVolume%2F8988%7C12%2F\">Levinas Studies<\/a><\/p>\n<p><a href=\"https:\/\/revue-alter.org\">ALTER. Revue de ph\u00e9nom\u00e9nologie<\/a><\/p>\n<p><a href=\"https:\/\/oaj.fupress.net\/index.php\/pam\/index\">Phenomenology and Mind<\/a><\/p>\n<p><a href=\"https:\/\/ricoeur.pitt.edu\/ojs\/index.php\/ricoeur\/index\">Ricoeur Studies \/ \u00c9tudes Ricoeuriennes<\/a><\/p>\n<p><a href=\"https:\/\/www.springer.com\/series\/5621\">Analecta Husserliana<\/a><\/p>\n<p><a href=\"https:\/\/www.zetabooks.com\/journals\/schutzian-research.html\">Schutzian Research<\/a><\/p>\n<p><a href=\"http:\/\/revistas.uned.es\/index.php\/rif\">Investigaciones Fenomenol\u00f3gicas<\/a><\/p>\n<p><a href=\"http:\/\/horizon.spb.ru\/index.php?lang=en\">Horizon. Studies in Phenomenology<\/a><\/p>\n<p><a href=\"https:\/\/www.springer.com\/journal\/11097\">Phenomenology and the Cognitive Sciences<\/a><\/p>\n<p>&nbsp;<\/p>\n<p>ALTE REVISTE<\/p>\n<p><a href=\"https:\/\/link.springer.com\/journal\/11007\">Continental Philosophy Review<\/a><\/p>\n<p><a href=\"https:\/\/link.springer.com\/journal\/10746\">Human Studies<\/a><\/p>\n<p><a href=\"https:\/\/www.pdcnet.org\/philtoday\">Philosophy Today<\/a><\/p>\n<p><a href=\"https:\/\/www.pdcnet.org\/ipq\/International-Philosophical-Quarterly\">International Philosophical Quarterly<\/a><\/p>\n<p><a href=\"https:\/\/www.tandfonline.com\/action\/journalInformation?show=editorialBoard&amp;journalCode=riph20\">International Journal of Philosophical Studies<\/a><\/p>\n<p><a href=\"https:\/\/reviewofmetaphysics.org\">The Review of Metaphysics<\/a><\/p>\n<p><a href=\"https:\/\/www.cairn.info\/revue-les-etudes-philosophiques.htm\">Les \u00c9tudes Philosophiques<\/a><\/p>\n<p><a href=\"https:\/\/www.persee.fr\/collection\/phlou\">Revue Philosophique de Louvain<\/a><\/p>\n<p><a href=\"http:\/\/www.hermeneutique.fr\">Le Cercle Herm\u00e9neutique<\/a><\/p>\n<p><a href=\"http:\/\/tijdschriftvoorfilosofie.eu\">Tijdschrift voor Filosofie<\/a><\/p>\n<p><a href=\"https:\/\/www.klostermann.de\/epages\/63574303.sf\/de_DE\/?ObjectPath=\/Shops\/63574303\/Categories\/Zeitschriften\/ZeitsfphilForschung\">Zeitschrift f\u00fcr Philosophische Forschung<\/a><\/p>\n<p><a href=\"https:\/\/www.mohrsiebeck.com\/zeitschrift\/philosophische-rundschau-phr\">Philosophische Rundschau<\/a><\/p>\n<p><a href=\"https:\/\/www.herder.de\/philosophie-ethik-shop\/jahrbuecher\/philosophisches-jahrbuch\/c-27\/c-265\/\">Philosophisches Jahrbuch<\/a><\/p>\n<p><a href=\"https:\/\/www.libraweb.net\/riviste.php?chiave=85\">Archivio di Filosofia<\/a><\/p>\n<p>&nbsp;<\/p>\n<p>&nbsp;<\/p>\n<p>&nbsp;<\/p>\n<p>&nbsp;<\/p>\n<p>&nbsp;<\/p>\n<p>&nbsp;<\/p>\n<p>&nbsp;<\/p>\n","protected":false},"excerpt":{"rendered":"<p>&nbsp; SPA\u021aIUL ROM\u00c2NESC \u0219i REGIONAL Societatea Rom\u00e2n\u0103 de Fenomenologie Institutul de Filozofie \u201eAlexandru Dragomir\u201c Centrul de Hermeneutic\u0103, Fenomenologie \u0219i Filosofie Practic\u0103, Universitatea A.I. Cuza, Ia\u0219i Central and East European Society for Phenomenology (CEESP) Studia Phaenomenologica, Journal of the Romanian Society for Phenomenology Meta. Research in Hermeneutics, Phenomenology, and Practical Philosophy Hermeneia. Journal of Hermeneutics, Art&hellip;<\/p>\n","protected":false},"author":1,"featured_media":0,"parent":0,"menu_order":0,"comment_status":"closed","ping_status":"closed","template":"","meta":{"footnotes":""},"class_list":["post-152","page","type-page","status-publish","hentry"],"_links":{"self":[{"href":"https:\/\/csf.filosofie.unibuc.ro\/index.php?rest_route=\/wp\/v2\/pages\/152","targetHints":{"allow":["GET"]}}],"collection":[{"href":"https:\/\/csf.filosofie.unibuc.ro\/index.php?rest_route=\/wp\/v2\/pages"}],"about":[{"href":"https:\/\/csf.filosofie.unibuc.ro\/index.php?rest_route=\/wp\/v2\/types\/page"}],"author":[{"embeddable":true,"href":"https:\/\/csf.filosofie.unibuc.ro\/index.php?rest_route=\/wp\/v2\/users\/1"}],"replies":[{"embeddable":true,"href":"https:\/\/csf.filosofie.unibuc.ro\/index.php?rest_route=%2Fwp%2Fv2%2Fcomments&post=152"}],"version-history":[{"count":44,"href":"https:\/\/csf.filosofie.unibuc.ro\/index.php?rest_route=\/wp\/v2\/pages\/152\/revisions"}],"predecessor-version":[{"id":898,"href":"https:\/\/csf.filosofie.unibuc.ro\/index.php?rest_route=\/wp\/v2\/pages\/152\/revisions\/898"}],"wp:attachment":[{"href":"https:\/\/csf.filosofie.unibuc.ro\/index.php?rest_route=%2Fwp%2Fv2%2Fmedia&parent=152"}],"curies":[{"name":"wp","href":"https:\/\/api.w.org\/{rel}","templated":true}]}}