{"id":192,"date":"2020-03-04T11:37:50","date_gmt":"2020-03-04T09:37:50","guid":{"rendered":"https:\/\/csf.filosofie.unibuc.ro\/?page_id=192"},"modified":"2020-03-04T11:41:48","modified_gmt":"2020-03-04T09:41:48","slug":"alexandru-bejinariu-dr","status":"publish","type":"page","link":"https:\/\/csf.filosofie.unibuc.ro\/?page_id=192","title":{"rendered":"dr. Alexandru Bejinariu"},"content":{"rendered":"<p>&nbsp;<\/p>\n<p>E-mail: alexandru.bejinariu@phenomenology.ro<\/p>\n<p>Phone: +40726146268<\/p>\n<p>&nbsp;<\/p>\n<p><strong>EDUCATION<\/strong><\/p>\n<p>2017: PhD in Philosophy at the University of Bucharest (Abstract of the PhD Thesis: https:\/\/drive.google.com\/file\/d\/0B8QmaaRXFXpKWG1tcS1uM0NhMjQ\/view)<\/p>\n<p>2012: MA in Philosophy at the University of Bucharest.<\/p>\n<p>2010: BA in Philosophy at the University of Bucharest.<\/p>\n<p>&nbsp;<\/p>\n<p><strong>LANGUAGE SKILLS<\/strong><\/p>\n<p>German: Goethe-Zertifikat C2 (2017)<\/p>\n<p>English: C2<\/p>\n<p>French: B1<\/p>\n<p>&nbsp;<\/p>\n<p><strong>ACADEMIC POSITIONS AND AFFILIATIONS <\/strong><\/p>\n<p>2012 \u2013 present: <em>Member<\/em> of the Center for Research in Phenomenology (Faculty of Philosophy, University of Bucharest);<\/p>\n<p>2015 \u2013 2017: <strong>Research Assistant<\/strong> at the <em>Institute for Research in the Humanities. A research division of The Research Institute of the University of Bucharest<\/em> (ICUB), Bucharest (Romania) (Project: <em>Phenomenological Approaches to the Anthropological Difference<\/em>; Project Director: Dr. Cristian Ciocan).<\/p>\n<p>2016 \u2013 present: <em>Member<\/em> of the Romanian Society for Phenomenology;<\/p>\n<p>2017 \u2013 present: <em>Member<\/em> of the Nordic Society for Phenomenology (NoSP);<\/p>\n<p>2017 \u2013 2019: <strong>Postdoctoral Researcher<\/strong> at the <em>Institute for Philosophy <\/em>\u201c<em>Alexandru Dragomir<\/em>\u201d, Bucharest (Romania). (Project: <em>Brentano \u2013 Comte \u2013 Mill: The Idea of Philosophy and Psychology as Science<\/em>; PCE Project. Director: Dr. Ion T\u0103n\u0103sescu).<\/p>\n<p>2019 \u2013 present: <strong>Fellow <\/strong>at the New Europe College, Bucharest (Romania). (Project: <em>What is Phenomenological about Descriptive Psychology? A Study of Brentano<\/em><em>\u2019s Inductive Method of Descriptive Psychology and Its Significance for Husserl\u2019s <\/em>Logical Investigations).<\/p>\n<p>2020 \u2013 present: <em>Member <\/em>of the Central and East European Society for Phenomenology (CEESP)<\/p>\n<p>&nbsp;<\/p>\n<p><strong>SCHOLARSHIPS AND FELLOWSHIPS <\/strong><\/p>\n<p>2014 \u2013 2015: <em>PhD Fellow<\/em> of the Romanian Academy, Ia\u015fi Branch (POSDRU\/159\/1.5\/133675);<\/p>\n<p>2011 \u2013 2012: <em>Cioran Scholarship<\/em> accorded by Humanitas Foundation;<\/p>\n<p>2010 \u2013 2011: <em>Scientific performance scholarship<\/em> accorded by the University of Bucharest for a research project concerning Heidegger&#8217;s Marburg interpretations of Aristotle.<\/p>\n<p>&nbsp;<\/p>\n<p><strong>TEACHING<\/strong><\/p>\n<p>WS 2014 \u2013 2015: Seminar Coordinator for the <em>Modernity and Europeanity<\/em> Course (prof. univ. dr. Viorel Vizureanu, 2nd Year);<\/p>\n<p>SS 2015: Seminar Coordinator for the <em>Modern Philosophy Course<\/em> (prof. univ. dr. Viorel Vizureanu, 2nd Year).<\/p>\n<p>&nbsp;<\/p>\n<p><strong>ARTICLES AND BOOK REVIEWS<\/strong><\/p>\n<p><strong>Article<\/strong>: \u201cAnimal Experience: A Formal-Indicative Approach to Martin Heidegger\u2019s Account of Animality,\u201d in: <em>Human Studies<\/em> (2018) 41.2: 233-254 (https:\/\/doi.org\/10.1007\/s10746-018-9468-6) (ISI).<\/p>\n<p><strong>Article<\/strong>: \u201cThe Phenomenology of Religious Life \u2013 From Primary Christianity to Eastern Christianity\u201d, in: <em>Symposion: Theoretical and Applied Inquiries in Philosophy and Social Sciences<\/em>, (2015) 2.4: 447-462. (<a href=\"http:\/\/symposion.acadiasi.ro\/the-phenomenology-of-religious\/)\">http:\/\/symposion.acadiasi.ro\/the-phenomenology-of-religious\/)<\/a> (<em>ERIH PLUS<\/em>);<\/p>\n<p><strong>Article<\/strong>: \u201cIndivid si subiect. Despre \u0219ansele recuper\u0103rii individului \u00een discursul fenomenologic la persoana \u00eent\u00e2i\u201d (\u201cIndividual and Subject. On the Possibilities of Recovering the Individual through the First-Person Phenomenological Discourse\u201d), in: <em>Revista de Filosofie<\/em> (3\/2015) LXII: 384-393;<\/p>\n<p><strong>Review<\/strong>: \u201cAlexander Schnell, Was ist Ph\u00e4nomenologie?, Frankfurt a. Main: Vittorio Klostermann, 2019\u201d, in: <em>Studia Phaenomenologica <\/em><em>(2019), XIX: 353-356 (ISI);<\/em><\/p>\n<p><strong>Review<\/strong>: \u201cDieter Lohmar, Denken ohne Sprache. Ph\u00e4nomenologie des nicht-sprachlichen Denkens bei Mensch und Tier im Licht der Evolutionsforschung, Primatologie und Neurologie, Springer, 2016\u201d, in: <em>Studia Phaenomenologica (2017), XVII: 425-428<\/em> (ISI);<\/p>\n<p><strong>Review<\/strong>: \u201cAntonio Cimino, Ph\u00e4nomenologie und Vollzug. Heideggers performative Philosophie des faktischen Lebens, Frankfurt am Main: Vittorio Klostermann, 2013\u201d, in <em>Studia Phaenomenologica<\/em> (2014) XIV: 410-413 (ISI).<\/p>\n<p>&nbsp;<\/p>\n<p><strong>TRANSLATIONS<\/strong><\/p>\n<p>(German \u2013 Romanian) Franz Brentano, <em>Psychologie vom empirischen Standpunkt\u00a0 <\/em>(Erster Band) (<em>Psihologia din punct de vedere empiric<\/em>), with Dr. Ion T\u0103n\u0103sescu, Humanitas, Bucure\u0219ti (<em>forthcoming<\/em>).<\/p>\n<p>(German \u2013 Romanian) Franz Brentano, \u201eAuguste Comte und die positive Philosophie\u201d (\u201eAuguste Comte \u0219i filosofia pozitiv\u0103\u201d). In: <em>Brentano &#8211; Comte &#8211; Mill: ideea filosofiei ca stiin\u021b\u0103<\/em>, Ion T\u0103n\u0103sescu (ed.), Ia\u0219i: Institutul European, 2018.<\/p>\n<p>\u2013\u2013\u2013\u2013\u2013\u2013\u2013, \u201e\u00dcber die Gr\u00fcnde der Entmutigung auf philosophischem Gebiete\u201d (\u201eDespre motivele descuraj\u0103rii \u00een filosofie\u201d).\u00a0In: <em>Brentano &#8211; Comte &#8211; Mill: ideea filosofiei ca stiin\u021b\u0103<\/em>, Ion T\u0103n\u0103sescu (ed.), Ia\u0219i: Institutul European, 2018.<\/p>\n<p>\u2013\u2013\u2013\u2013\u2013\u2013\u2013, \u201eDie vier Phasen der Philosophie und ihr augenblicklicher Stand\u201d (\u201eCele patru faze ale filosofiei \u0219i starea ei actual\u0103\u201d). In: <em>Brentano &#8211; Comte &#8211; Mill: ideea filosofiei ca stiin\u021b\u0103<\/em>, Ion T\u0103n\u0103sescu (ed.), Ia\u0219i: Institutul European, 2018.<\/p>\n<p>(English \u2013 Romanian) Nicholas de Warren, <em>Husserl and the Promise of Time. Subjectivity in Transcendental Phenomenology <\/em>(Husserl \u0219i promisiunea timpului. Subiectivitatea \u00een fenomenologia transcendental\u0103), forthcoming 2020, Ratio&amp;Revelatio Publishing House, Epoche Collection;<\/p>\n<p>(German \u2013 English) Iulian Apostolescu, Hermann Schmitz, \u201cThe things themselves in the light of the new phenomenology. An interview with Hermann Schmitz\u201d, in (2016) <em>Symposium: Canadian Journal of Continental Philosophy<\/em> 20 (1), pp. 230-236.<\/p>\n<p>&nbsp;<\/p>\n<p><strong>BOOKS \/ CHAPTERS <\/strong><\/p>\n<p><strong>Edited book: <\/strong>Alexandru Bejinariu, Ileana Bor\u021bun (eds.), Comunitate \u2013 Identitate \u2013 Diferen\u021b\u0103: Priviri fenomenologice, Zeta Books, Bucharest, 2018;<\/p>\n<p><strong>Book Chapters\/Studies in collective volumes or proceedings:<\/strong><\/p>\n<p>\u201c&#8230;[a] r\u0103m\u00e2ne alungat definitiv \u00een domeniul esen\u021bei lui animalitas [&#8230;]\u201d (\u201c&#8230; abandoned to the essential realm of animalitas\u201d), in: Cristian Ciocan, Bogdan Minc\u0103 (eds.), Scrisoare despre umanism \u2013 dup\u0103 70 de ani, forthcoming 2018, Zeta Books, Bucharest.<\/p>\n<p>\u201cAnimalul din fa\u021ba mea\u201d (\u201cThe Animal That Stands Before Me)\u201d, in: Alexandru Bejinariu, Ileana Bor\u021bun (eds.), Comunitate \u2013 Identitate \u2013 Diferen\u021b\u0103: Priviri fenomenologice, Zeta Books, Bucharest, 2018, pp. 135-154.<\/p>\n<p>\u201cArta de a te face \u00ab\u00een\u021beles\u00bb. Comunicarea experien\u021bei prin discursul artistic \u0219i cel fenomenologic\u201d (\u201cThe Art of Becoming Meaning. Communicating Experience through Artistic and Phenomenological Discourse\u201d), in: M\u0103d\u0103lina Diaconu, Christian Ferencz-Flatz (eds.), <em>Estetica fenomenologic\u0103 dup\u0103 centenar. Perspective istorice \u0219i tendin\u021be actuale<\/em>, Editura UAIC, Ia\u0219i, 2016, pp. 13-36.<\/p>\n<p>\u201cMetoda indic\u0103rii formale \u0219i filosofia religiei \u00een spa\u021biul rom\u00e2nesc\u201d (\u201cThe Formal Indication Method and the Philosophy of Religion in Romanian Culture\u201d), in: Mihai-Dan Chi\u021boiu, Savu Totu (coord.), Filosofie \u0219i religie \u00een spa\u021biul rom\u00e2nesc, ProUniversitaria, Bucure\u0219ti, 2015, pp. 213-246.<\/p>\n<p>\u201cReligious Feeling, the Original Experience of Life and the Problem of \u00abes wertet\u00bb\u201d, in: Mihai-Dan Chi\u021boiu, Ioan-Alexandru Tofan (eds.), Proceedings of the International Conference \u201cHumanities and Social Sciences Today. Classical and Contemporary Issues\u201d \u2013 Philosophy and Other Humanities, Pro Universitaria, Bucure\u0219ti, 2015, pp. 175-186. (http:\/\/philpapers.org\/rec\/CHIPOT-4).<\/p>\n<p>\u201cIndicarea formal\u0103 \u015fi problema uit\u0103rii fiin\u0163ei \u00een cursurile de tinere\u0163e ale lui Martin Heidegger\u201d (\u201cFormal Indication and the Problem of the Forgeting of Being in Martin Heidegger&#8217;s Early Courses\u201d), in: Paul Marinescu, Christian Ferencz-Flatz (eds.), <em>Figuri ale vulnerabilit\u0103\u0163ii existen\u0163iale. De la uitarea de sine la uitarea fiin\u0163ei<\/em>, Editura UAIC, Ia\u0219i, 2014, pp. 61-80.<\/p>\n<p>\u201cTehnica form\u0103rii conceptelor filozofice\u201d (\u201cThe Technique of Philosophical Concept Coining\u201d), in: Bogdan Minc\u0103, Remus Breazu, Iulian Apostolescu (eds.), <em>Aspecte ale metodei fenomenologice<\/em>, Editura Universit\u0103\u0163ii din Bucure\u015fti, 2014, pp. 135-158.<\/p>\n<p><strong>\u00a0<\/strong><\/p>\n<p><strong>SEMINARS, WOKSHOPS AND CONFERENCES<\/strong><\/p>\n<p><strong>26 \u2013 28 September 2019<\/strong>: \u201cInducing Phenomenology. Husserl\u2019s Early Phenomenology in the Context of Brentano\u2019s <em>Psychognosie<\/em>,\u201d paper presented at <em>Shifting Roles. The Manifold Identities of Phenomenology<\/em> \u00ad\u2013 The 5th Conference of the Central and East European Society for Phenomenology, Organized by The Romanian Society for Phenomenology, ICUB-Humanities (University of Bucharest), The Central and East European Society for Phenomenology, at the Faculty of Law, University of Bucharest.<\/p>\n<p><strong>16 \u2013 17 November 2018<\/strong>: \u201cCritica heideggerian\u0103 a teoriei \u0219i constituirea fenomenologiei ca \u0219tiin\u021b\u0103 primordial\u0103\u201d (\u201cHeidegger\u2019s Critique concerning Theory and the Establishing of Phenomenology as Primordial Science\u201d), paper presented at the National Conference, <em>Fenomenologie, teorie critic\u0103 et. al. \u2013 noi practici ale teoriei \u00een filozofia continental\u0103<\/em> (<em>Phenomenology, Critical Theory et. al. \u2013 New Practices of Theory in Continental Philosophy<\/em>) organised by the Romanian Society for Phenomenology, at the Faculty of Philosophy, University of Bucharest.<\/p>\n<p><strong>27 \u2013 28 September 2018<\/strong>: \u201cConsiderations on Brentano\u2019s Psychology in the light of Husserl\u2019s Critique in Logical Investigations of the Concept of Empirical Science\u201d, paper presented at the International Conference <em>Brentano \u2013 Comte \u2013 Mill: The Idea of Philosophy and Psychology as Science<\/em>, organized by the Institute for Philosophy \u201cAlexandru Dragomir\u201d in collaboration with the Faculty of Philosophy, University of Bucharest.<\/p>\n<p><strong>11 August 2018<\/strong>: \u201cThe Garment as Work of Art\u201d, an interdisciplinary dialogue with Dr. Ilinca Damian concerning Marcu Beza\u2019s Art Collection, at the Art Collections Museum (National Museum of Art of Romania, MNAR) (based on the paper \u201c<em>The <\/em>Al\u0113theia <em>of Garments<\/em>\u201d).<\/p>\n<p><strong>22 May 2018: <\/strong>\u201cAl\u0113theia ve\u0219m\u00e2ntului (\u201c<em>The <\/em>Al\u0113theia <em>of Garments<\/em>\u201d), a response to Dr. Ilinca Damian\u2019s, \u201cCostumul ca art\u0103\u201d (\u201c<em>The Costume as Art<\/em>\u201d)\u201d, paper presented at the Interdisciplinary Colloquium <em>Idea and Garment<\/em>, organized by \u201cHestugma\u201d Cultural Society and the Faculty of Philosophy, University of Bucharest, at the Faculty of Philosophy.<\/p>\n<p><strong>19 \u2013 21 April 2018<\/strong>: \u201cA strange Kind of Solidarity. A formal indicative Account of Solidarity with Strangers\u201d, paper presented at the 16th annual Conference of the Nordic Society for Phenomenology (NoSP), <em>Phenomenology of Solidarity: Community, Practice and Politics<\/em>, University of Gda\u0144sk, European Solidarity Centre, Gda\u0144sk (Poland).<\/p>\n<p><strong>31 July \u2013 04 August 2017<\/strong>: Attended the Cologne-Leuven Summer-School in Phenomenology \u201cPhenomenology and its Methods\u201d, at Universit\u00e4t zu K\u00f6ln, Husserl-Archiv, K\u00f6ln (DE).<\/p>\n<p><strong>15 \u2013 17 June 2017<\/strong>: \u201cThe Lacking Body of the Animal \u2013 The Role of Sense-Organs in Heidegger\u2019s Phenomenological Account of the Anthropological Difference\u201d, paper presented at the 15th annual Conference of the Nordic Society for Phenomenology (NoSP), <em>Phenomenology and the Body. Contemporary Perspectives<\/em>, NTNU, Trondheim (Norway).<\/p>\n<p><strong>30 May 2017<\/strong>: \u201c&#8230;[a] r\u0103m\u00e2ne alungat definitiv \u00een domeniul esen\u021bei lui animalitas [&#8230;]\u201d (\u201c&#8230; abandoned to the essential realm of animalitas\u201d), paper presented at the Conference <em>Heidegger\u2019s Letter on Humanism \u2013 after 70 years<\/em>(<em>Scrisoare despre \u201cumanism\u201d \u2013 dup\u0103 70 de ani<\/em>), organised by the Department for Humanities of <em>The Research Institute of the University of Bucharest<\/em> (ICUB-SSU) and <em>\u201cAlexandru Dragomir\u201d Institute for Philosophy <\/em>at the Faculty of Philosophy, University of Bucharest.<\/p>\n<p><strong>26 November 2016<\/strong>: \u201cBetween <em>logos<\/em> and <em>ph\u014dn\u0113<\/em>. The Question of the Animal in Martin Heidegger\u2019s Reading of Aristotle\u201d, paper presented at the <em>2400 Aristotle<\/em> International Conference, organised by the Centre for Research of the History of Philosophical Ideas, at the Faculty of Philosophy, University of Bucharest.<\/p>\n<p><strong>16 November 2016<\/strong>: \u201cThe Animal That Stands Before Me\u201d (\u201cAnimalul din fa\u021ba mea\u201d), paper presented at the <em>Community \u2013 Identity \u2013 Difference. Phenomenological Aspects<\/em> National Conference, organised by the Romanian Society for Phenomenology, at the Faculty of Philosophy, University of Bucharest.<\/p>\n<p><strong>January 2016<\/strong>: Attended <em>Phenomenology of Animality and Film<\/em> Workshop, coordinated by Dr. Christian Ferencz-Flatz, in the frame of <em>Phenomenological Approaches to the Anthropological Difference<\/em> Project (PN-II-RU-TE- 2014-4-0630), at ICUB, Bucharest.<\/p>\n<p><strong>September \u2013 December 2015<\/strong>: Attended <em>Sensory Perception Seminar<\/em>, coordinated by Dr. Christian Ferencz-Flatz, at ICUB, Bucharest (Romania).<\/p>\n<p><strong>November 2015<\/strong>: \u201cThe Art of Becoming Meaning. Communicating Experience through Artistic and Phenomenological Discourse\u201d (\u201cArta de a te face \u00ab\u00een\u021beles\u00bb. Comunicarea experien\u021bei prin discursul artistic \u0219i cel fenomenologic\u201d), paper presented at the National Conference <em>Phenomenological Aesthetics after the Centenary. Historical perspectives and contemporary tendencies<\/em>, organised by the Romanian Society for Phenomenology, at the Faculty of Philosophy, University of Bucharest (Romania).<\/p>\n<p><strong>27 August 2015<\/strong>: Attended the Research and Project Management Workshop, organised in the frame of the POSDRU IDSRC Project, by the Romanian Academy, Ia\u0219i Brach.<\/p>\n<p><strong>13 \u2013 14 June 2015<\/strong>: \u201cIdolatrous Metaphysics. The Emergence of European Thought as Merging of Cultural Traditions\u201d, paper presented at the International Conference <em>Philosophy Emerging from Cultural Traditions and Its Role in a Global Age<\/em>, organised by the Council for Research in Values and Philosophy, and the Romanian Academy, Ia\u0219i Branch, at \u201cAlexandru Ioan Cuza\u201d University, Ia\u0219i, Romania.<\/p>\n<p><strong>18 May \u2013 5 June 2015<\/strong>: Attended <em>Plato and Platonism Masterclass<\/em>, lectures by Cristina Ionescu, Mircea Dumitru, Andrei Cornea, Andrei Timotin, organised by the Institute for Research in the Humanities, University of Bucharest, Director Dana Jalobeanu, Project Coordinator Cristian Ciocan.<\/p>\n","protected":false},"excerpt":{"rendered":"<p>&nbsp; E-mail: alexandru.bejinariu@phenomenology.ro Phone: +40726146268 &nbsp; EDUCATION 2017: PhD in Philosophy at the University of Bucharest (Abstract of the PhD Thesis: https:\/\/drive.google.com\/file\/d\/0B8QmaaRXFXpKWG1tcS1uM0NhMjQ\/view) 2012: MA in Philosophy at the University of Bucharest. 2010: BA in Philosophy at the University of Bucharest. &nbsp; LANGUAGE SKILLS German: Goethe-Zertifikat C2 (2017) English: C2 French: B1 &nbsp; ACADEMIC POSITIONS AND&hellip;<\/p>\n","protected":false},"author":1,"featured_media":0,"parent":0,"menu_order":0,"comment_status":"closed","ping_status":"closed","template":"","meta":{"footnotes":""},"class_list":["post-192","page","type-page","status-publish","hentry"],"_links":{"self":[{"href":"https:\/\/csf.filosofie.unibuc.ro\/index.php?rest_route=\/wp\/v2\/pages\/192","targetHints":{"allow":["GET"]}}],"collection":[{"href":"https:\/\/csf.filosofie.unibuc.ro\/index.php?rest_route=\/wp\/v2\/pages"}],"about":[{"href":"https:\/\/csf.filosofie.unibuc.ro\/index.php?rest_route=\/wp\/v2\/types\/page"}],"author":[{"embeddable":true,"href":"https:\/\/csf.filosofie.unibuc.ro\/index.php?rest_route=\/wp\/v2\/users\/1"}],"replies":[{"embeddable":true,"href":"https:\/\/csf.filosofie.unibuc.ro\/index.php?rest_route=%2Fwp%2Fv2%2Fcomments&post=192"}],"version-history":[{"count":4,"href":"https:\/\/csf.filosofie.unibuc.ro\/index.php?rest_route=\/wp\/v2\/pages\/192\/revisions"}],"predecessor-version":[{"id":202,"href":"https:\/\/csf.filosofie.unibuc.ro\/index.php?rest_route=\/wp\/v2\/pages\/192\/revisions\/202"}],"wp:attachment":[{"href":"https:\/\/csf.filosofie.unibuc.ro\/index.php?rest_route=%2Fwp%2Fv2%2Fmedia&parent=192"}],"curies":[{"name":"wp","href":"https:\/\/api.w.org\/{rel}","templated":true}]}}