{"id":510,"date":"2020-10-08T10:02:39","date_gmt":"2020-10-08T08:02:39","guid":{"rendered":"https:\/\/csf.filosofie.unibuc.ro\/?page_id=510"},"modified":"2020-10-08T21:44:44","modified_gmt":"2020-10-08T19:44:44","slug":"act-de-fondare","status":"publish","type":"page","link":"https:\/\/csf.filosofie.unibuc.ro\/?page_id=510","title":{"rendered":"Fondarea Centrului de Studii Fenomenologice"},"content":{"rendered":"<p>Centrul de Studii Fenomenologice (CSF) a fost fondat \u00een 2002 ca o colaborare \u00eentre Facultatea de Filosofie a\u00a0Universit\u0103\u0163ii din Bucure\u015fti \u015fi Societatea Rom\u00e2n\u0103 de Fenomenologie\u00a0(SRF), fiind aprobat de Consiliul Facult\u0103\u0163ii de Filosofie\u00a0a Universit\u0103\u0163ii din Bucure\u015fti \u00een data de 15 octombrie 2002.<\/p>\n<p>CSF a fost reatestat prin decizia Rectorului Universit\u0103\u021bii din Bucure\u0219ti nr. 695 bis din 15.05.2008.\u00a0Scopul activit\u0103\u0163ii CSF \u00eel constituie promovarea studiilor \u015fi cercet\u0103rilor fenomenologice \u00een cadrul Universit\u0103\u0163ii din Bucure\u015fti, \u00een vederea favoriz\u0103rii cunoa\u015fterii acestei discipline \u015fi a constituirii unei comunit\u0103\u0163i \u015ftiin\u0163ifice de specialitate, apte s\u0103 \u00eendeplineasc\u0103 exigen\u0163ele cerute \u00een acest domeniu la nivel interna\u0163ional.\u00a0Obiectivele centrului se vor focaliza at\u00e2t asupra surselor istorice ale fenomenologiei, c\u00e2t \u015fi asupra principalelor momente ale acestui curent filozofic \u015fi a interferen\u0163elor tematice cu alte discipline.<\/p>\n<p>\u00cen conformitate cu organigrama Centrului,\u00a0CSF are \u00een vedere urm\u0103toarele:<\/p>\n<ul>\n<li>\u00a0 coordonarea unei activit\u0103\u0163i \u015ftiin\u0163ifice constante \u00een domeniu \u00een cadrul Facult\u0103\u0163ii de Filosofie, Universitatea din Bucure\u015fti;<\/li>\n<li>organizarea de seminarii;<\/li>\n<li>organizarea de conferin\u0163e, simpozioane \u015fi congrese;<\/li>\n<li>\u00eencurajarea unui schimb interna\u0163ional de materiale \u015ftiin\u0163ifice la nivel institu\u0163ional \u015fi \u00eenlesnirea unei racord\u0103ri eficiente la mediile \u015ftiin\u0163ifice occidentale a cercet\u0103torilor rom\u00e2ni;<\/li>\n<li>stabilirea unor leg\u0103turi \u015fi a unor colabor\u0103ri cu alte institu\u0163ii \u015fi asocia\u0163ii cu profil \u00eenrudit din \u0163ar\u0103 \u015fi str\u0103in\u0103tate prin organizarea de sesiuni de comunic\u0103ri \u015fi conferin\u0163e;<\/li>\n<li>sprijinirea \u015fi stimularea oric\u0103ror ac\u0163iuni de cercetare \u015fi studiu al disciplinei;<\/li>\n<li>administrarea unei biblioteci specializate care s\u0103 ofere posibilitatea consult\u0103rii unor lucr\u0103ri \u015fi periodice de fenomenologie;<\/li>\n<li>sus\u0163inerea activit\u0103\u0163ii de traducere, prin seminarii speciale dedicate metodologiei traducerii lucr\u0103rilor cu tematic\u0103 fenomenologic\u0103.<\/li>\n<\/ul>\n<p>&nbsp;<\/p>\n","protected":false},"excerpt":{"rendered":"<p>Centrul de Studii Fenomenologice (CSF) a fost fondat \u00een 2002 ca o colaborare \u00eentre Facultatea de Filosofie a\u00a0Universit\u0103\u0163ii din Bucure\u015fti \u015fi Societatea Rom\u00e2n\u0103 de Fenomenologie\u00a0(SRF), fiind aprobat de Consiliul Facult\u0103\u0163ii de Filosofie\u00a0a Universit\u0103\u0163ii din Bucure\u015fti \u00een data de 15 octombrie 2002. CSF a fost reatestat prin decizia Rectorului Universit\u0103\u021bii din Bucure\u0219ti nr. 695 bis din&hellip;<\/p>\n","protected":false},"author":1,"featured_media":0,"parent":0,"menu_order":0,"comment_status":"closed","ping_status":"closed","template":"","meta":{"footnotes":""},"class_list":["post-510","page","type-page","status-publish","hentry"],"_links":{"self":[{"href":"https:\/\/csf.filosofie.unibuc.ro\/index.php?rest_route=\/wp\/v2\/pages\/510","targetHints":{"allow":["GET"]}}],"collection":[{"href":"https:\/\/csf.filosofie.unibuc.ro\/index.php?rest_route=\/wp\/v2\/pages"}],"about":[{"href":"https:\/\/csf.filosofie.unibuc.ro\/index.php?rest_route=\/wp\/v2\/types\/page"}],"author":[{"embeddable":true,"href":"https:\/\/csf.filosofie.unibuc.ro\/index.php?rest_route=\/wp\/v2\/users\/1"}],"replies":[{"embeddable":true,"href":"https:\/\/csf.filosofie.unibuc.ro\/index.php?rest_route=%2Fwp%2Fv2%2Fcomments&post=510"}],"version-history":[{"count":5,"href":"https:\/\/csf.filosofie.unibuc.ro\/index.php?rest_route=\/wp\/v2\/pages\/510\/revisions"}],"predecessor-version":[{"id":661,"href":"https:\/\/csf.filosofie.unibuc.ro\/index.php?rest_route=\/wp\/v2\/pages\/510\/revisions\/661"}],"wp:attachment":[{"href":"https:\/\/csf.filosofie.unibuc.ro\/index.php?rest_route=%2Fwp%2Fv2%2Fmedia&parent=510"}],"curies":[{"name":"wp","href":"https:\/\/api.w.org\/{rel}","templated":true}]}}