{"id":523,"date":"2020-10-08T10:42:26","date_gmt":"2020-10-08T08:42:26","guid":{"rendered":"https:\/\/csf.filosofie.unibuc.ro\/?page_id=523"},"modified":"2020-10-09T18:08:45","modified_gmt":"2020-10-09T16:08:45","slug":"conferinta-dincolo-de-nietzsche-perspective-post-metafizice-asupra-gandirii-sale-mai-2014","status":"publish","type":"page","link":"https:\/\/csf.filosofie.unibuc.ro\/?page_id=523","title":{"rendered":"Conferin\u021b\u0103 \u201eDincolo de Nietzsche? Perspective post-metafizice asupra g\u00e2ndirii sale\u201c, mai 2014"},"content":{"rendered":"<p>&nbsp;<\/p>\n<p><a href=\"https:\/\/csf.filosofie.unibuc.ro\/wp-content\/uploads\/2020\/10\/APEL-LA-CONTRIBUTII.pdf\">Call for papers<\/a><\/p>\n<p>&nbsp;<\/p>\n<p>DINCOLO DE NIETZSCHE? PERSPECTIVE POST-METAFIZICE ASUPRA G\u00c2NDIRII SALE<\/p>\n<p>BEYOND NIETZSCHE: POST-METAPHYSICAL PERSPECTIVES ON HIS THOUGHT<\/p>\n<p>&nbsp;<\/p>\n<p>Conferin\u021b\u0103 organizat\u0103 de\u00a0Centrul de Studii Fenomenologice (Facultatea de Filosofie, Universitatea din Bucure\u015fti) \u0219i\u00a0Centrul de Hermeneutic\u0103, Fenomenologie \u015fi Filosofie practic\u0103 (Facultatea de Filosofie \u015fi \u015etiin\u0163e Social-Politice, Universitatea \u201eAlexandru Ioan Cuza\u201d din Ia\u015fi). Persoane de contact: Cristian Mladin \u0219i Iulian Apostolescu<\/p>\n<p>&nbsp;<\/p>\n<p><strong>Joi, 22 mai 2014<\/strong><\/p>\n<p>10.00 Deschidere<\/p>\n<p>SESIUNEA I<\/p>\n<p>Moderator: Cristian Mladin<\/p>\n<p>10.15-10.45 JAMES LUCHTE: The Wreckage of Stars: Nietzsche and the Ecstasy of Poetry<\/p>\n<p>10.45-11.00 Discu\u0163ii<\/p>\n<p>11.00-11.30 ANDREA REHBERG: Nascence: On the Emergence of the Phenomena according to Nietzsche and Kant<\/p>\n<p>11.30-11.45 Discu\u0163ii<\/p>\n<p>11.45-12.15 SIMION D\u00c3NIL\u00c3: Importan\u0163a edi\u0163iei Colli-Montinari a operelor complete ale lui Friedrich Nietzsche pentru exegeza nietzschean\u0103 rom\u00e2neasc\u0103<\/p>\n<p>12.15-12.30 Discu\u0163ii<\/p>\n<p>Pauz\u0103 12.30-15.00<\/p>\n<p>&nbsp;<\/p>\n<p>SESIUNEA a II-a<\/p>\n<p>Moderator: Bogdan Minc\u0103<\/p>\n<p>15.00-15.30 FLORIN VOICA: Nietzsche \u015fi dep\u0103\u015firea metafizicii<\/p>\n<p>15.30-15.45 Discu\u0163ii<\/p>\n<p>15.45-16.15 IULIAN APOSTOLESCU:<\/p>\n<p>16.15-16.30 Discu\u0163ii<\/p>\n<p>De la Hegel la Nietzsche: munc\u0103, ra\u0163ionalitate, alienare<\/p>\n<p>16.30-17.00 CRISTIAN MLADIN: Marea amiaz\u0103 a existen\u0163ei. Heidegger via Nietzsche<\/p>\n<p>17.00-17.15 Discu\u0163ii<\/p>\n<p>17.15-17.45 GEORGE BONDOR: Instinctele \u015fi ra\u0163iunea. Istoria unei lupte<\/p>\n<p>17.45-18.00 Discu\u0163ii<\/p>\n<p>&nbsp;<\/p>\n<p><strong>Vineri, 23 mai 2014<\/strong><\/p>\n<p>Sesiunea I<\/p>\n<p>Moderator: Iulian Apostolescu<\/p>\n<p>10.00-10.30 ELENA COSTEA: Metafizic\u0103 \u015fi nihilismul activ, un dialog \u00eentre Heidegger \u015fi Nietzsche<\/p>\n<p>10.30-10.45 Discu\u0163ii<\/p>\n<p>10.45-11.15 RALUCA IORDAN: Nietzsche \u2013 de la moartea lui Dumnezeu la moartea metafizicii<\/p>\n<p>11.15-11.30 Discu\u0163ii<\/p>\n<p>11.30-12.00 Ioan DR\u00c3GOI: Repere pentru o fenomenologie a stilului<\/p>\n<p>12.00-12.15 Discu\u0163ii<\/p>\n<p>Pauz\u0103 12.15-15.00<\/p>\n<p>Sesiunea a II-a<\/p>\n<p>Moderator: Remus Breazu<\/p>\n<p>15.00-15.30 IOANA JOCA: Existen\u0163ialismul religios \u015fi antropologia filosofic\u0103 la Martin BUBER: o scurt\u0103 analiz\u0103 prin lupa lui F. Nietzsche<\/p>\n<p>15.30-15.45 Discu\u0163ii<\/p>\n<p>15.45-16.15 CIPRIAN JELER: Lectura dual\u0103 a lui Quentin Meillassoux la Nietzsche \u015fi limitele ei<\/p>\n<p>16.15-16.30 Discu\u0163ii<\/p>\n<p>16.30 -17.00 Didina ROMA\u015eCU: Metafizica lui Friedrich Nietzsche \u00een pictura lui Salvador Dali<\/p>\n<p>17.00-17.15 Discu\u0163ii<\/p>\n<p>17.15 Cuv\u00eent de \u00eencheiere<\/p>\n","protected":false},"excerpt":{"rendered":"<p>&nbsp; Call for papers &nbsp; DINCOLO DE NIETZSCHE? PERSPECTIVE POST-METAFIZICE ASUPRA G\u00c2NDIRII SALE BEYOND NIETZSCHE: POST-METAPHYSICAL PERSPECTIVES ON HIS THOUGHT &nbsp; Conferin\u021b\u0103 organizat\u0103 de\u00a0Centrul de Studii Fenomenologice (Facultatea de Filosofie, Universitatea din Bucure\u015fti) \u0219i\u00a0Centrul de Hermeneutic\u0103, Fenomenologie \u015fi Filosofie practic\u0103 (Facultatea de Filosofie \u015fi \u015etiin\u0163e Social-Politice, Universitatea \u201eAlexandru Ioan Cuza\u201d din Ia\u015fi). Persoane de contact:&hellip;<\/p>\n","protected":false},"author":1,"featured_media":0,"parent":0,"menu_order":0,"comment_status":"closed","ping_status":"closed","template":"","meta":{"footnotes":""},"class_list":["post-523","page","type-page","status-publish","hentry"],"_links":{"self":[{"href":"https:\/\/csf.filosofie.unibuc.ro\/index.php?rest_route=\/wp\/v2\/pages\/523","targetHints":{"allow":["GET"]}}],"collection":[{"href":"https:\/\/csf.filosofie.unibuc.ro\/index.php?rest_route=\/wp\/v2\/pages"}],"about":[{"href":"https:\/\/csf.filosofie.unibuc.ro\/index.php?rest_route=\/wp\/v2\/types\/page"}],"author":[{"embeddable":true,"href":"https:\/\/csf.filosofie.unibuc.ro\/index.php?rest_route=\/wp\/v2\/users\/1"}],"replies":[{"embeddable":true,"href":"https:\/\/csf.filosofie.unibuc.ro\/index.php?rest_route=%2Fwp%2Fv2%2Fcomments&post=523"}],"version-history":[{"count":4,"href":"https:\/\/csf.filosofie.unibuc.ro\/index.php?rest_route=\/wp\/v2\/pages\/523\/revisions"}],"predecessor-version":[{"id":688,"href":"https:\/\/csf.filosofie.unibuc.ro\/index.php?rest_route=\/wp\/v2\/pages\/523\/revisions\/688"}],"wp:attachment":[{"href":"https:\/\/csf.filosofie.unibuc.ro\/index.php?rest_route=%2Fwp%2Fv2%2Fmedia&parent=523"}],"curies":[{"name":"wp","href":"https:\/\/api.w.org\/{rel}","templated":true}]}}