{"id":526,"date":"2020-10-08T11:02:04","date_gmt":"2020-10-08T09:02:04","guid":{"rendered":"https:\/\/csf.filosofie.unibuc.ro\/?page_id=526"},"modified":"2020-10-09T18:02:19","modified_gmt":"2020-10-09T16:02:19","slug":"conferinta-fenomenologia-intre-metoda-si-tehnica-mai-2013","status":"publish","type":"page","link":"https:\/\/csf.filosofie.unibuc.ro\/?page_id=526","title":{"rendered":"Conferin\u021ba \u201eFenomenologia \u00eentre metod\u0103 \u0219i tehnic\u0103\u201c, mai 2013"},"content":{"rendered":"<p>&nbsp;<\/p>\n<p><a href=\"https:\/\/csf.filosofie.unibuc.ro\/wp-content\/uploads\/2020\/10\/call-for-papers-csf-2013-final.pdf\">Call for papers<\/a><\/p>\n<p>&nbsp;<\/p>\n<p><b>FENOMENOLOGIA \u00ceNTRE METOD\u0102 \u0218I TEHNIC\u0102<\/b><\/p>\n<p><strong>\u00a0<\/strong><\/p>\n<p>Conferin\u021b\u0103 organizat\u0103 de\u00a0<strong>Centrul de Studii Fenomenologice \u2013<\/strong><strong> Facultatea de Filosofie,\u00a0<\/strong><strong>Universitatea din Bucure\u015fti<\/strong><\/p>\n<p>Organizatori: Iulian Apostolescu, Remus Breazu, Bogdan Minc\u0103<\/p>\n<p><strong>\u00a0<\/strong><\/p>\n<p>&nbsp;<\/p>\n<p><strong>PROGRAM<\/strong><\/p>\n<p>&nbsp;<\/p>\n<p><strong>Vineri 24 mai<\/strong><strong>\u00a0<\/strong><\/p>\n<p>10.00 <strong>Deschidere<\/strong><\/p>\n<p><strong>Sesiunea I <\/strong><\/p>\n<p>Moderator: Bogdan Minc\u0103<\/p>\n<p>10.15-10.45 <strong>Ion T\u0103n\u0103sescu<\/strong> (Institutul de Filosofie \u015fi Psihologie \u201eConstantin R\u0103dulescu-Motru\u201d \u015fi Societatea Rom\u00e2n\u0103 de Fenomenologie): <strong><em>Problematica \u015fi metoda descrierii la Franz Brentano<\/em><\/strong><\/p>\n<p>10.45-11.00 Discu\u0163ii<\/p>\n<p>11.00-11.30 <strong>Marius Dumitru<\/strong> (Societatea Rom\u00e2n\u0103 de Filosofie Analitic\u0103): <strong><em>William \u00a0James \u015fi Edmund Husserl despre fluxul con\u015ftient al g\u00e2ndirii<\/em><\/strong><\/p>\n<p>11.30-11.45 Discu\u0163ii<\/p>\n<p><strong>\u00a0\u00a0\u00a0\u00a0\u00a0\u00a0\u00a0\u00a0\u00a0\u00a0\u00a0\u00a0\u00a0\u00a0\u00a0\u00a0\u00a0\u00a0 Pauz\u0103 <\/strong>11.45-12.00<\/p>\n<p>Moderator: Ion T\u0103n\u0103sescu<\/p>\n<p>12.00-12.30 <strong>Raoul Frauenfelder<\/strong> (University of Palermo): <strong><em>Technics at Work in the Phenomenological Method: Intuition and Constitution of the Living Body<\/em><\/strong><\/p>\n<p>12.30-12.45 Discu\u0163ii<\/p>\n<p>12.45-13.15 <strong>Cristian Mladin<\/strong> (Societatea Rom\u00e2n\u0103 de Fenomenologie) <strong><em>Despre multipla semnifica\u0163ie a reduc\u0163iei<\/em><\/strong><\/p>\n<p>13.15-13.30 Discu\u0163ii<\/p>\n<p><strong>\u00a0\u00a0\u00a0\u00a0\u00a0\u00a0\u00a0\u00a0\u00a0\u00a0\u00a0\u00a0\u00a0\u00a0\u00a0\u00a0\u00a0\u00a0 Pauz\u0103<\/strong> 13.30-15.30<\/p>\n<p><strong>Sesiunea II<\/strong><\/p>\n<p>Moderator: Iulian Apostolescu<\/p>\n<p>15.30-16.00 <strong>Alexandru Bejinariu<\/strong> (Universitatea din Bucure\u015fti): <strong><em>Tehnica form\u0103rii conceptelor filozofice<\/em><\/strong><\/p>\n<p>16.00-16.15 Discu\u0163ii<\/p>\n<p>16.15-16.45 <strong>Remus Breazu<\/strong> (Universitatea din Bucure\u015fti): <strong><em>Despre reduc\u0163ia \u00a0\u00a0\u00a0\u00a0\u00a0\u00a0\u00a0 fenomenologic\u0103 din <\/em><\/strong><strong><em>\u201e<\/em><\/strong><strong><em>Fiin\u0163\u0103 \u015fi timp\u201d<\/em><\/strong><\/p>\n<p>Discu\u0163ii 16.45-17.00<\/p>\n<p>17.00-17.30 <strong>Raluca Bujor<\/strong> (Universitatea din Bucure\u015fti): <strong><em>Aspecte ale prealabilului <\/em><\/strong><strong><em>\u00een metoda dialectic\u0103: primele pagini din \u201eSofistul\u201d \u015fi comentariile lui Martin Heidegger<\/em><\/strong><\/p>\n<p>17.30-17.45 Discu\u0163ii<\/p>\n<p>&nbsp;<\/p>\n<p><strong>S\u00e2mb\u0103t\u0103 25 mai<\/strong><\/p>\n<p><strong>Sesiunea I<\/strong><\/p>\n<p>Moderator: Remus Breazu<\/p>\n<p>10.00-10.30 <strong>Andrei Simionescu-Panait<\/strong> (Universitatea din Bucure\u015fti): <strong><em>Reduc\u0163ie \u015fi fenomen; dynamis<\/em><\/strong><\/p>\n<p>10.30-10.45 Discu\u0163ii<\/p>\n<p>10.45-11.15 <strong>Alexandru Stan<\/strong> (Universitatea din Bucure\u015fti): <strong><em>Limbajul ca iscusin\u0163\u0103 trupeasc\u0103<\/em><\/strong><\/p>\n<p>11.15-11.30 Discu\u0163ii<\/p>\n<p>11.30-12.00 <strong>George Chiri\u0163\u0103<\/strong> (Asocia\u0163ia Rom\u00e2n\u0103 de Comunica\u0163ii Audiovizuale): <strong><em>Eviden\u0163a redescoperit\u0103 \u00een orizontul anonim al comunic\u0103rii<\/em><\/strong><\/p>\n<p>12.00-12.15 Discu\u0163ii<\/p>\n<p><strong>Pauz\u0103<\/strong> 12.15-14.00<\/p>\n<p><strong>Sesiunea II<\/strong><\/p>\n<p>Moderator: Alexandru Bejinariu<\/p>\n<p>14.00-14.30 <strong>Ioan Dr\u0103goi<\/strong> (Universitatea din Bucure\u015fti): <strong><em>Fenomenologia clipei \u00een opera lui Mihai \u015eora<\/em><\/strong><\/p>\n<p>14.30-14.45 Discu\u0163ii<\/p>\n<p>14.45-15.15 <strong>Gheorghe Constantin<\/strong> (Universitatea din Bucure\u015fti): <strong><em>De la \u00a0\u00a0\u00a0\u00a0\u00a0\u00a0 deconstruc\u0163ia ca \u201esplendid\u0103 nehot\u0103r\u00e2re difuz\u0103\u201d la deconstruc\u0163ie ca strategie disimetric\u0103. Metod\u0103 \u015fi metafor\u0103 la Derrida<\/em><\/strong><\/p>\n<p>15.15-15.30 Discu\u0163ii<\/p>\n<p>15.30-15.45 <strong>Sebastian Grama<\/strong> (Universitatea din Bucure\u015fti): @<\/p>\n<p>15.45-16.00 Discu\u0163ii<\/p>\n<p>16.00 \u00cencheiere<\/p>\n","protected":false},"excerpt":{"rendered":"<p>&nbsp; Call for papers &nbsp; FENOMENOLOGIA \u00ceNTRE METOD\u0102 \u0218I TEHNIC\u0102 \u00a0 Conferin\u021b\u0103 organizat\u0103 de\u00a0Centrul de Studii Fenomenologice \u2013 Facultatea de Filosofie,\u00a0Universitatea din Bucure\u015fti Organizatori: Iulian Apostolescu, Remus Breazu, Bogdan Minc\u0103 \u00a0 &nbsp; PROGRAM &nbsp; Vineri 24 mai\u00a0 10.00 Deschidere Sesiunea I Moderator: Bogdan Minc\u0103 10.15-10.45 Ion T\u0103n\u0103sescu (Institutul de Filosofie \u015fi Psihologie \u201eConstantin R\u0103dulescu-Motru\u201d \u015fi&hellip;<\/p>\n","protected":false},"author":1,"featured_media":0,"parent":0,"menu_order":0,"comment_status":"closed","ping_status":"closed","template":"","meta":{"footnotes":""},"class_list":["post-526","page","type-page","status-publish","hentry"],"_links":{"self":[{"href":"https:\/\/csf.filosofie.unibuc.ro\/index.php?rest_route=\/wp\/v2\/pages\/526","targetHints":{"allow":["GET"]}}],"collection":[{"href":"https:\/\/csf.filosofie.unibuc.ro\/index.php?rest_route=\/wp\/v2\/pages"}],"about":[{"href":"https:\/\/csf.filosofie.unibuc.ro\/index.php?rest_route=\/wp\/v2\/types\/page"}],"author":[{"embeddable":true,"href":"https:\/\/csf.filosofie.unibuc.ro\/index.php?rest_route=\/wp\/v2\/users\/1"}],"replies":[{"embeddable":true,"href":"https:\/\/csf.filosofie.unibuc.ro\/index.php?rest_route=%2Fwp%2Fv2%2Fcomments&post=526"}],"version-history":[{"count":4,"href":"https:\/\/csf.filosofie.unibuc.ro\/index.php?rest_route=\/wp\/v2\/pages\/526\/revisions"}],"predecessor-version":[{"id":685,"href":"https:\/\/csf.filosofie.unibuc.ro\/index.php?rest_route=\/wp\/v2\/pages\/526\/revisions\/685"}],"wp:attachment":[{"href":"https:\/\/csf.filosofie.unibuc.ro\/index.php?rest_route=%2Fwp%2Fv2%2Fmedia&parent=526"}],"curies":[{"name":"wp","href":"https:\/\/api.w.org\/{rel}","templated":true}]}}