{"id":543,"date":"2020-10-08T11:37:15","date_gmt":"2020-10-08T09:37:15","guid":{"rendered":"https:\/\/csf.filosofie.unibuc.ro\/?page_id=543"},"modified":"2021-04-24T10:57:04","modified_gmt":"2021-04-24T08:57:04","slug":"cursuri-optionale","status":"publish","type":"page","link":"https:\/\/csf.filosofie.unibuc.ro\/?page_id=543","title":{"rendered":"Cursuri op\u021bionale"},"content":{"rendered":"<p>&nbsp;<\/p>\n<p>&nbsp;<\/p>\n<p><a href=\"https:\/\/csf.filosofie.unibuc.ro\/?page_id=718\">Introducere \u00een fenomenologia transcendental\u0103 husserlian\u0103, sem. II, 2020\/21<\/a><\/p>\n<p><a href=\"https:\/\/csf.filosofie.unibuc.ro\/?page_id=554\">Introducere \u00een fenomenologie: Bretano \u0219i Husserl, sem. I, 2020\/2021<\/a><\/p>\n<p>Despre limb\u0103: Heidegger \u0219i Merleau-Ponty, sem. II, 2019\/2020<\/p>\n<p>Heidegger \u0219i Heraclit, sem. I, 2019\/2020<\/p>\n","protected":false},"excerpt":{"rendered":"<p>&nbsp; &nbsp; Introducere \u00een fenomenologia transcendental\u0103 husserlian\u0103, sem. II, 2020\/21 Introducere \u00een fenomenologie: Bretano \u0219i Husserl, sem. I, 2020\/2021 Despre limb\u0103: Heidegger \u0219i Merleau-Ponty, sem. II, 2019\/2020 Heidegger \u0219i Heraclit, sem. I, 2019\/2020<\/p>\n","protected":false},"author":1,"featured_media":0,"parent":0,"menu_order":0,"comment_status":"closed","ping_status":"closed","template":"","meta":{"footnotes":""},"class_list":["post-543","page","type-page","status-publish","hentry"],"_links":{"self":[{"href":"https:\/\/csf.filosofie.unibuc.ro\/index.php?rest_route=\/wp\/v2\/pages\/543","targetHints":{"allow":["GET"]}}],"collection":[{"href":"https:\/\/csf.filosofie.unibuc.ro\/index.php?rest_route=\/wp\/v2\/pages"}],"about":[{"href":"https:\/\/csf.filosofie.unibuc.ro\/index.php?rest_route=\/wp\/v2\/types\/page"}],"author":[{"embeddable":true,"href":"https:\/\/csf.filosofie.unibuc.ro\/index.php?rest_route=\/wp\/v2\/users\/1"}],"replies":[{"embeddable":true,"href":"https:\/\/csf.filosofie.unibuc.ro\/index.php?rest_route=%2Fwp%2Fv2%2Fcomments&post=543"}],"version-history":[{"count":7,"href":"https:\/\/csf.filosofie.unibuc.ro\/index.php?rest_route=\/wp\/v2\/pages\/543\/revisions"}],"predecessor-version":[{"id":721,"href":"https:\/\/csf.filosofie.unibuc.ro\/index.php?rest_route=\/wp\/v2\/pages\/543\/revisions\/721"}],"wp:attachment":[{"href":"https:\/\/csf.filosofie.unibuc.ro\/index.php?rest_route=%2Fwp%2Fv2%2Fmedia&parent=543"}],"curies":[{"name":"wp","href":"https:\/\/api.w.org\/{rel}","templated":true}]}}