{"id":569,"date":"2020-10-08T12:01:33","date_gmt":"2020-10-08T10:01:33","guid":{"rendered":"https:\/\/csf.filosofie.unibuc.ro\/?page_id=569"},"modified":"2020-10-09T17:39:56","modified_gmt":"2020-10-09T15:39:56","slug":"fenomenologie-franceza-masterat-icif-anul-ii","status":"publish","type":"page","link":"https:\/\/csf.filosofie.unibuc.ro\/?page_id=569","title":{"rendered":"Fenomenologie francez\u0103 (masterat ICIF, anul II)"},"content":{"rendered":"<p>Teme ale cursului<\/p>\n<p>&nbsp;<\/p>\n<p>Ideea de baz\u0103 a cursului este de a pune \u00een contrast un fenomenolog francez \u0219i un alt autor (un fenomenolog german sau un filozof din alt curent sau alt\u0103 epoc\u0103), aleg\u00e2nd texte care fie trimit explicit unul la cel\u0103lalt, fie privesc aceea\u0219i problematic\u0103. De-a lungul anilor, au fost aborda\u021bi urm\u0103torii autori:<\/p>\n<p>&nbsp;<\/p>\n<p>1.<\/p>\n<p>M. Heidegger, <span lang=\"DE\">\u201eLimba \u00een Poem\u201c (1952), \u00een:\u00a0<\/span><i>Originea operei de art\u0103<\/i><\/p>\n<p>Jacques Derrida, <em>De l\u2019esprit<\/em>. <em>Heidegger et la question<\/em>\u00a0(1987)<\/p>\n<p>J. Derrida, \u201e<em>Geschlecht I<\/em>. Diff\u00e9rence sexuelle, diff\u00e9rence ontologique\u201c (1983)<\/p>\n<div>\n<p>J. Derrida, \u201eLa main de Heidegger (<em>Geschlecht II<\/em>)\u201c (1985)<\/p>\n<p>J. Derrida, \u201eL\u2019Oreille de Heidegger. Philopol<span lang=\"DE\">\u00e9mologie (<i>Geschlecht IV<\/i>)\u201c (1989)<\/span><\/p>\n<\/div>\n<p>&nbsp;<\/p>\n<p>&nbsp;<\/p>\n<p>2.<\/p>\n<p>M.\u00a0Heidegger, \u201eOriginea operei de art\u0103\u201c (1935)<\/p>\n<p>Meyer Schapiro, <u>\u201e<\/u>The Still Life as a Personal Object \u2014 A Note on Heidegger and van Gogh\u201c\u00a0(1968)<\/p>\n<p>Jacques Derrida, \u201eRestitutions de la v\u00e9rit\u00e9 en pointure\u201c, in: <em>La v\u00e9rit\u00e9 en peinture<\/em>\u00a0(1978)<\/p>\n<p>&nbsp;<\/p>\n<p>&nbsp;<\/p>\n<p>3.<\/p>\n<p>Platon,\u00a0<em>Phaidros<\/em><\/p>\n<p>J. Derrida, \u201eLa pharmacie de Platon\u201c (1968)<\/p>\n<p>&nbsp;<\/p>\n<p>Cursul este \u021binut de Bogdan Minc\u0103.<\/p>\n","protected":false},"excerpt":{"rendered":"<p>Teme ale cursului &nbsp; Ideea de baz\u0103 a cursului este de a pune \u00een contrast un fenomenolog francez \u0219i un alt autor (un fenomenolog german sau un filozof din alt curent sau alt\u0103 epoc\u0103), aleg\u00e2nd texte care fie trimit explicit unul la cel\u0103lalt, fie privesc aceea\u0219i problematic\u0103. De-a lungul anilor, au fost aborda\u021bi urm\u0103torii autori:&hellip;<\/p>\n","protected":false},"author":1,"featured_media":0,"parent":0,"menu_order":0,"comment_status":"closed","ping_status":"closed","template":"","meta":{"footnotes":""},"class_list":["post-569","page","type-page","status-publish","hentry"],"_links":{"self":[{"href":"https:\/\/csf.filosofie.unibuc.ro\/index.php?rest_route=\/wp\/v2\/pages\/569","targetHints":{"allow":["GET"]}}],"collection":[{"href":"https:\/\/csf.filosofie.unibuc.ro\/index.php?rest_route=\/wp\/v2\/pages"}],"about":[{"href":"https:\/\/csf.filosofie.unibuc.ro\/index.php?rest_route=\/wp\/v2\/types\/page"}],"author":[{"embeddable":true,"href":"https:\/\/csf.filosofie.unibuc.ro\/index.php?rest_route=\/wp\/v2\/users\/1"}],"replies":[{"embeddable":true,"href":"https:\/\/csf.filosofie.unibuc.ro\/index.php?rest_route=%2Fwp%2Fv2%2Fcomments&post=569"}],"version-history":[{"count":8,"href":"https:\/\/csf.filosofie.unibuc.ro\/index.php?rest_route=\/wp\/v2\/pages\/569\/revisions"}],"predecessor-version":[{"id":674,"href":"https:\/\/csf.filosofie.unibuc.ro\/index.php?rest_route=\/wp\/v2\/pages\/569\/revisions\/674"}],"wp:attachment":[{"href":"https:\/\/csf.filosofie.unibuc.ro\/index.php?rest_route=%2Fwp%2Fv2%2Fmedia&parent=569"}],"curies":[{"name":"wp","href":"https:\/\/api.w.org\/{rel}","templated":true}]}}