{"id":596,"date":"2020-10-08T13:40:55","date_gmt":"2020-10-08T11:40:55","guid":{"rendered":"https:\/\/csf.filosofie.unibuc.ro\/?page_id=596"},"modified":"2021-04-24T11:06:34","modified_gmt":"2021-04-24T09:06:34","slug":"cerc-de-lectura-platon","status":"publish","type":"page","link":"https:\/\/csf.filosofie.unibuc.ro\/?page_id=596","title":{"rendered":"Lecturi fenomenologice din Platon"},"content":{"rendered":"<p>&nbsp;<\/p>\n<p>\u00cencep\u00e2nd cu semestrul I din anul universitar 2019\/20, are loc s\u0103pt\u0103m\u00e2nal un cerc de lectur\u0103 a dialogurilor lui Platon. \u00cen centrul interesului s\u0103u stau dialogurile axate pe problematica retoricii, a raportului dintre retoric\u0103 \u0219i filosofie, precum \u0219i pe problematica logos-ului la Platon: \u201eApologia lui Socrate\u201c, \u201eGorgias\u201c,\u00a0\u201ePhaidros\u201c, \u201eRepublica\u201c. Cercul este condus de c\u0103tre Bogdan Minc\u0103 \u0219i la el particip\u0103 doctoranzi \u0219i post-doctoranzi.<\/p>\n","protected":false},"excerpt":{"rendered":"<p>&nbsp; \u00cencep\u00e2nd cu semestrul I din anul universitar 2019\/20, are loc s\u0103pt\u0103m\u00e2nal un cerc de lectur\u0103 a dialogurilor lui Platon. \u00cen centrul interesului s\u0103u stau dialogurile axate pe problematica retoricii, a raportului dintre retoric\u0103 \u0219i filosofie, precum \u0219i pe problematica logos-ului la Platon: \u201eApologia lui Socrate\u201c, \u201eGorgias\u201c,\u00a0\u201ePhaidros\u201c, \u201eRepublica\u201c. Cercul este condus de c\u0103tre Bogdan Minc\u0103&hellip;<\/p>\n","protected":false},"author":1,"featured_media":0,"parent":0,"menu_order":0,"comment_status":"closed","ping_status":"closed","template":"","meta":{"footnotes":""},"class_list":["post-596","page","type-page","status-publish","hentry"],"_links":{"self":[{"href":"https:\/\/csf.filosofie.unibuc.ro\/index.php?rest_route=\/wp\/v2\/pages\/596","targetHints":{"allow":["GET"]}}],"collection":[{"href":"https:\/\/csf.filosofie.unibuc.ro\/index.php?rest_route=\/wp\/v2\/pages"}],"about":[{"href":"https:\/\/csf.filosofie.unibuc.ro\/index.php?rest_route=\/wp\/v2\/types\/page"}],"author":[{"embeddable":true,"href":"https:\/\/csf.filosofie.unibuc.ro\/index.php?rest_route=\/wp\/v2\/users\/1"}],"replies":[{"embeddable":true,"href":"https:\/\/csf.filosofie.unibuc.ro\/index.php?rest_route=%2Fwp%2Fv2%2Fcomments&post=596"}],"version-history":[{"count":3,"href":"https:\/\/csf.filosofie.unibuc.ro\/index.php?rest_route=\/wp\/v2\/pages\/596\/revisions"}],"predecessor-version":[{"id":725,"href":"https:\/\/csf.filosofie.unibuc.ro\/index.php?rest_route=\/wp\/v2\/pages\/596\/revisions\/725"}],"wp:attachment":[{"href":"https:\/\/csf.filosofie.unibuc.ro\/index.php?rest_route=%2Fwp%2Fv2%2Fmedia&parent=596"}],"curies":[{"name":"wp","href":"https:\/\/api.w.org\/{rel}","templated":true}]}}