{"id":751,"date":"2021-11-24T10:55:48","date_gmt":"2021-11-24T08:55:48","guid":{"rendered":"https:\/\/csf.filosofie.unibuc.ro\/?page_id=751"},"modified":"2021-11-24T11:58:58","modified_gmt":"2021-11-24T09:58:58","slug":"introducere-in-fenomenologie-e-husserl-cercetari-logice-cercetarea-a-v-a-2021-22-sem-i","status":"publish","type":"page","link":"https:\/\/csf.filosofie.unibuc.ro\/?page_id=751","title":{"rendered":"Introducere \u00een fenomenologie: E. Husserl, Cercet\u0103ri logice (Cercetarea a V-a) (2021\/22, sem. I)"},"content":{"rendered":"<p>&nbsp;<\/p>\n<p>&nbsp;<\/p>\n<p>Dr. Alexandru Bejinariu<\/p>\n<p>&nbsp;<\/p>\n<p>Introducere \u00een fenomenologie: E. Husserl, \u201eCercet\u0103ri logice\u201c,\u00a0<em>Cercetarea a V-a<\/em><\/p>\n<p>Semestrul I, 2021\/22<\/p>\n<p>&nbsp;<\/p>\n<p>Ce este o descriere fenomenologic\u0103? Cum ne ajut\u0103 ea s\u0103 ne \u00een\u021belegem mai bine con\u0219tiin\u021ba? Prin ce anume este diferit\u0103 metoda fenomenologic\u0103 de descrierea psihologic\u0103 brentanian\u0103? Pornind de la conceptele cheie din psihologia empiric\u0103 a lui Franz Brentano (1838\u20131917), vom \u00eencerca s\u0103 identific\u0103m \u0219i s\u0103 urm\u0103rim transform\u0103rile \u0219i inova\u021biile aduse acestora de studentul s\u0103u Edmund Husserl (1859\u20131938). \u00cen acest context, vom clarifica \u0219i vom vedea la lucru \u00een exemple concrete elemente ale metodelor psihologiei empirice, psihologiei descriptive \u0219i fenomenologiei husserliene, precum: percep\u021bia intern\u0103, observarea \u00een memorie, descrierea,\u00a0 induc\u021bia \u0219i deduc\u021bia legilor generale, reflexia fenomenologic\u0103 sau varia\u021bia liber\u0103. Astfel, av\u00e2nd constant \u00een vedere fragmente semnificative din lucr\u0103rile lui Brentano <em>Psihologia din punct de vedere empiric <\/em>(1874) \u0219i <em>Psihologia Descriptiv\u0103 <\/em>(1887\/91), vom aborda lucrarea fondatoare a fenomenologiei, <em>Cercet\u0103ri logice <\/em>(1900\/01) a lui Edmund Husserl, concentr\u00e2ndu-ne \u00een special pe <em>Cercetarea a V-a<\/em>. Elementele de originalitate oferite de acest curs constau, pe de o parte, \u00een perspectiva nou\u0103 din care abord\u0103m geneza fenomenologiei dinspre rela\u021bia ei cu psihologia empiric\u0103 brentanian\u0103, precum \u0219i, pe de cealalt\u0103 parte, \u00een identificarea concret\u0103 a relevan\u021bei metodei fenomenologice husserliene timpurii pentru peisajul filosofic interdisciplinar din zilele noastre. Pe l\u00e2ng\u0103 familiarizarea \u00eendeaproape cu o serie de concepte fundamentale ale fenomenologiei (husserliene), cum ar fi conceptul de inten\u021bionalitate, obiect inten\u021bional, act \u0219i tr\u0103ire, materie \u0219i calitate, con\u021binut reel, fenomen etc., analizele \u0219i discu\u021biile noastre vor contribui la dezvoltarea capacit\u0103\u021bii de a parcurge \u0219i de a \u00een\u021belege \u00een mod riguros un text fenomenologic, contextul \u0219i miza sa.<\/p>\n<p>&nbsp;<\/p>\n<p>Cuno\u0219tin\u021bele prealabile de fenomenologie sunt utile, \u00eens\u0103 nu reprezint\u0103 o condi\u021bie necesar\u0103 pentru \u00een\u021belegerea \u0219i participarea la discu\u021biile de la curs. De asemenea, cunoa\u0219terea limbilor german\u0103 \u0219i\/sau englez\u0103 reprezint\u0103 un avantaj, \u00eens\u0103 nu este necesar\u0103 pentru participarea la curs.<\/p>\n<p>&nbsp;<\/p>\n<p>Modalitate de evaluare: examenul final const\u0103 \u00een elaborarea unui eseu despre o tem\u0103 discutat\u0103 la curs (Times New Roman 12, spa\u021biere 1.5, max. 12 pagini except\u00e2nd bibliografia).<\/p>\n<p>Bibliografie primar\u0103<\/p>\n<p>&nbsp;<\/p>\n<p><strong>Edmund Husserl<\/strong><\/p>\n<p>&nbsp;<\/p>\n<p><u>Rom\u00e2n\u0103:<\/u><\/p>\n<p>\u2014 <em>Cercet\u0103ri logice I<\/em>. <em>Prolegomene la logica pur\u0103<\/em>, trad. de Bogdan Olaru, Humanitas, Bucure\u0219ti, 2007.<\/p>\n<p>\u2014 <em>Cercet\u0103ri logice II\/1. Cercet\u0103ri asupra fenomenologiei \u0219i teoriei cunoa\u0219terii<\/em>. <em>Partea \u00eent\u00e2i: Cercet\u0103rile 1 \u0219i 2<\/em>, trad. de Bogdan Olaru \u0219i Christian Ferencz-Flatz, Humanitas, Bucure\u0219ti, 2009.<\/p>\n<p>\u2014 <em>Cercet\u0103ri logice II\/2. Cercet\u0103ri asupra fenomenologiei \u0219i teoriei cunoa\u0219terii. Partea a doua: Cercet\u0103rile 3, 4 \u0219i 5<\/em>, trad. de Christian Ferencz-Flatz \u0219i Ion T\u0103n\u0103sescu, Humanitas, Bucure\u0219ti, 2012.<\/p>\n<p>\u2014 <em>Cercet\u0103ri logice II\/3. Cercet\u0103ri asupra fenomenologiei \u0219i teoriei cunoa\u0219terii. Partea a treia: Cercetarea 6<\/em>, trad. de Bogdan Olaru, Humanitas, Bucure\u0219ti, 2013.<\/p>\n<p>\u2014 <em>Experien\u021b\u0103 \u0219i judecat\u0103<\/em>, trad. de Christian Ferencz-Flatz, Humanitas, Bucure\u0219ti, 2012.<\/p>\n<p>\u2014 <em>Idei privitoare la o fenomenologie pur\u0103 \u0219i la o filozofie fenomenologic\u0103 I<\/em>, trad. de Christian Ferencz-Flatz, Humanitas, Bucure\u0219ti, 2011.<\/p>\n<p>&nbsp;<\/p>\n<p><u>Englez\u0103:<\/u><\/p>\n<p>\u2014 <em>Experience and Judgment<\/em>, translated by James S. Churchill and Karl Ameriks, Routledge &amp; Kegan Paul, London, 1973.<\/p>\n<p>\u2014 <em>Ideas Pertaining to a Pure Phenomenology and to a Phenomenological Philosophy<\/em>, translated by F. Kersten, Martinus Nijhoff, The Hague, 1983.<\/p>\n<p>\u2014 <em>Logical Investigations<\/em> (II vol.), translated by J. N. Findlay, Routledge, London, 2001.<\/p>\n<p>&nbsp;<\/p>\n<p><u>German\u0103:<\/u><\/p>\n<p>\u2014 <em>Erfahrung und Urteil<\/em>, Claassen Verlag, Hamburg, 1964.<\/p>\n<p>\u2014 Hua III\/1: <em>Ideen zu einer reinen Ph<\/em><em>\u00e4nomenologie und ph\u00e4nomenologischen Philosophie<\/em> <em>I<\/em>, Martinus Nijhoff, Den Haag, 1976.<\/p>\n<p>\u2014 <em>Hua XVIII: <\/em><em>Logische Untersuchungen. Erster Band: Prolegomena zur reinen Logik<\/em><em>, <\/em>Martinus Nijhoff, Den Haag, 1975.<\/p>\n<p>\u2014 <em>Hua XIX: <\/em><em>Logische Untersuchungen. Zweiter Band: Untersuchungen zur Ph\u00e4nomenologie und Theorie der Erkenntnis<\/em>, Martinus Nijhoff, Den Haag, 1984.<\/p>\n<p>\u2014 Hua Dok III\/1: <em>Briefwechsel<\/em>. <em>Band I: Die Brentanoschule<\/em>. Karl Schumann (ed.). Springer, Dordrecht.<\/p>\n<p>\u2014 Hua M III: <em>Allgemeine Erkenntnistheorie. Vorlesung 1902\/03<\/em>, Dordrecht, Springer, 2001.<\/p>\n<p>&nbsp;<\/p>\n<p><strong>Franz Brentano<\/strong><\/p>\n<p>&nbsp;<\/p>\n<p><u>Rom\u00e2n\u0103:<\/u><\/p>\n<p>\u2014 <em>Psihologia din punct de vedere empiric<\/em>. <em>Cartea a doua<\/em>: <em>Despre fenomenele psihice \u00een general<\/em>, <em>cap. 1: Despre deosebirile dintre fenomenele psihice \u0219i fizice<\/em>, trad. de Ion T\u0103n\u0103sescu, \u00een <em>Conceptul de inten\u021bionalitate la Brentano. Origini \u0219i interpret\u0103ri. Antologie<\/em>, coord. de Ion T\u0103n\u0103sescu, Paideia, Bucure\u0219ti, 2002, pp. 23\u201355.<\/p>\n<p>\u2014 <em>Auguste Comte \u0219i filosofia pozitiv\u0103<\/em>, trad. de Alexandru Bejinariu, \u00een <em>Brentano \u2013 Comte \u2013 Mill: ideea filosofiei ca \u0219tiin\u021b\u0103<\/em>, coord. de Ion T\u0103n\u0103sescu, Institutul European, Ia\u0219i, 2018, pp. 169\u2013188.<\/p>\n<p>\u2014 <em>Despre motivele descuraj\u0103rii \u00een filosofie<\/em>, trad. de Alexandru Bejinariu, \u00een <em>Brentano \u2013 Comte \u2013 Mill: ideea filosofiei ca \u0219tiin\u021b\u0103<\/em>, coord. de Ion T\u0103n\u0103sescu, Institutul European, Ia\u0219i, 2018, pp. 189\u2013199.<\/p>\n<p>&nbsp;<\/p>\n<p><u>Englez\u0103:<\/u><\/p>\n<p>\u2014 <em>Psychology from an Empirical Standpoint<\/em>, translated by Antos C. Rancurello, D. B. Terrell and Linda L. McAlister, Routledge, London, 2015.<\/p>\n<p>\u2014 <em>Descriptive Psychology<\/em>, translated by Benito M\u00fcller, Taylor &amp; Francis e-Library, London, 2002.<\/p>\n<p>&nbsp;<\/p>\n<p><u>German\u0103:<\/u><\/p>\n<p>\u2014 <em>Deskriptive Psychologie<\/em>, hrsgb. von Roderick Chisholm und Wilhelm Baumgartner, Felix Meiner, Hamburg, 1982.<\/p>\n<p>\u2014 <em>Psychologie vom empirischen Standpunkt<\/em>.<em> Erster Band<\/em>, hrsgb. von Oscar Kraus, Felix Meiner, Hamburg, 1924.<\/p>\n<p>\u2014 <em>\u00dcber die Zukunft der Philosophie<\/em>, Felix Meiner, Hamburg, 1929.<\/p>\n<p>&nbsp;<\/p>\n<p>&nbsp;<\/p>\n","protected":false},"excerpt":{"rendered":"<p>&nbsp; &nbsp; Dr. Alexandru Bejinariu &nbsp; Introducere \u00een fenomenologie: E. Husserl, \u201eCercet\u0103ri logice\u201c,\u00a0Cercetarea a V-a Semestrul I, 2021\/22 &nbsp; Ce este o descriere fenomenologic\u0103? Cum ne ajut\u0103 ea s\u0103 ne \u00een\u021belegem mai bine con\u0219tiin\u021ba? Prin ce anume este diferit\u0103 metoda fenomenologic\u0103 de descrierea psihologic\u0103 brentanian\u0103? Pornind de la conceptele cheie din psihologia empiric\u0103 a lui&hellip;<\/p>\n","protected":false},"author":1,"featured_media":0,"parent":0,"menu_order":0,"comment_status":"closed","ping_status":"closed","template":"","meta":{"footnotes":""},"class_list":["post-751","page","type-page","status-publish","hentry"],"_links":{"self":[{"href":"https:\/\/csf.filosofie.unibuc.ro\/index.php?rest_route=\/wp\/v2\/pages\/751","targetHints":{"allow":["GET"]}}],"collection":[{"href":"https:\/\/csf.filosofie.unibuc.ro\/index.php?rest_route=\/wp\/v2\/pages"}],"about":[{"href":"https:\/\/csf.filosofie.unibuc.ro\/index.php?rest_route=\/wp\/v2\/types\/page"}],"author":[{"embeddable":true,"href":"https:\/\/csf.filosofie.unibuc.ro\/index.php?rest_route=\/wp\/v2\/users\/1"}],"replies":[{"embeddable":true,"href":"https:\/\/csf.filosofie.unibuc.ro\/index.php?rest_route=%2Fwp%2Fv2%2Fcomments&post=751"}],"version-history":[{"count":3,"href":"https:\/\/csf.filosofie.unibuc.ro\/index.php?rest_route=\/wp\/v2\/pages\/751\/revisions"}],"predecessor-version":[{"id":755,"href":"https:\/\/csf.filosofie.unibuc.ro\/index.php?rest_route=\/wp\/v2\/pages\/751\/revisions\/755"}],"wp:attachment":[{"href":"https:\/\/csf.filosofie.unibuc.ro\/index.php?rest_route=%2Fwp%2Fv2%2Fmedia&parent=751"}],"curies":[{"name":"wp","href":"https:\/\/api.w.org\/{rel}","templated":true}]}}