{"id":760,"date":"2021-11-24T12:03:33","date_gmt":"2021-11-24T10:03:33","guid":{"rendered":"https:\/\/csf.filosofie.unibuc.ro\/?page_id=760"},"modified":"2021-11-24T12:06:56","modified_gmt":"2021-11-24T10:06:56","slug":"introducere-in-fenomenologie-e-husserl-cercetari-logice-cercetarea-a-vi-a","status":"publish","type":"page","link":"https:\/\/csf.filosofie.unibuc.ro\/?page_id=760","title":{"rendered":"Introducere \u00een fenomenologie: E. Husserl, Cercet\u0103ri logice (Cercetarea a VI-a) (2021\/22, sem. II)"},"content":{"rendered":"<p>&nbsp;<\/p>\n<p>Dr. Alexandru Bejinariu<\/p>\n<p>&nbsp;<\/p>\n<p><strong>Introducere \u00een fenomenologie: E. Husserl, <em>Cercet\u0103ri logice <\/em>\u00a0(<em>Cercetarea a VI-a<\/em>)<\/strong><\/p>\n<p>Semestrul al II-lea, 2021\/22<\/p>\n<p>&nbsp;<\/p>\n<p>Acest curs preia demersul \u00eenceput \u00een semestrul I, trec\u00e2nd la ultima cercetare logic\u0103 a lui Edmund Husserl. Dac\u0103 <em>Cercetarea a V-a<\/em> \u00ee\u0219i propunea s\u0103\u00a0ofere o clarificare a tr\u0103irilor inten\u021bionale \u0219i a conceptului lor de con\u021binut, <em>Cercetarea a VI-a<\/em> face un pas suplimentar prin integrarea acestor teme \u00een contextul mai amplu al fenomenologiei expresiei \u0219i cunoa\u0219terii. Astfel, intr\u0103 \u00een scen\u0103 no\u021biuni cheie pentru fenomenologia husserlian\u0103 timpurie, dar \u0219i pentru viitoarele dezvolt\u0103ri ale acestei metode, precum: inten\u021bie signitiv\u0103, \u00eemplinire \u0219i sinteze ale \u00eemplinirilor, redare intuitiv\u0103, adecvare \u0219i \u2013 poate unele dintre cele mai discutate \u0219i (ne)\u00een\u021belese no\u021biuni husserliene \u2013 intui\u021bia categorial\u0103 \u0219i idea\u021bia. Miza principal\u0103 a acestui curs va fi aceea de a \u00een\u021belege \u00een ce const\u0103 \u0219i cum apare \u00een g\u00e2ndirea lui Husserl momentul metodologic al trecerii de la exemplu, de la faptul concret al con\u0219tiin\u021bei \u00eenf\u0103\u021bi\u0219at realmente sau \u00een fantezie fenomenologului, la esen\u021ba sau specia sa \u2013 adev\u0103ratul obiect al fenomenologiei ca \u0219tiin\u021b\u0103 eidetic\u0103 (opus\u0103 \u0219tiin\u021belor factuale) preocupat\u0103 cu clarificarea conceptelor epistemologice \u00een vederea \u00eentemeierii logicii pure. \u00cen acest sens, vom lucra de asemenea cu o serie de exemple ale analizei fenomenologice \u00een contextul interdisciplinar al studiilor gestuale (<em>gesture studies<\/em>). Pornind de la acestea, vom avea ocazia de a vedea cum fenomenologia ca \u0219tiin\u021b\u0103 eidetic\u0103 poate discuta cu \u0219tiin\u021bele experimentale \u0219i totodat\u0103 cum anume teoria fenomenologic\u0103 a expresiei contribuie ast\u0103zi la clarificarea elementelor non-lingvistice ale contextelor de comunicare.<\/p>\n<p>&nbsp;<\/p>\n<p>Cuno\u0219tin\u021bele prealabile de fenomenologie, precum \u0219i participarea la cursul de pe primul semestru sunt dezirabile, \u00eens\u0103 nu reprezint\u0103 o condi\u021bie necesar\u0103 pentru \u00een\u021belegerea \u0219i participarea la discu\u021biile de la curs. De asemenea, cunoa\u0219terea limbilor german\u0103 \u0219i\/sau englez\u0103 reprezint\u0103 un avantaj, \u00eens\u0103 nu este necesar\u0103 pentru participarea la curs.<\/p>\n<p>&nbsp;<\/p>\n<p>Modalitate de evaluare: examenul final const\u0103 \u00een elaborarea unui eseu despre o tem\u0103 discutat\u0103 la curs (Times New Roman 12, spa\u021biere 1.5, max. 12 pagini except\u00e2nd bibliografia).<\/p>\n<p>&nbsp;<\/p>\n<p>&nbsp;<\/p>\n<p>&nbsp;<\/p>\n<p>&nbsp;<\/p>\n<p>Bibliografie primar\u0103<\/p>\n<p>&nbsp;<\/p>\n<p><strong>Edmund Husserl<\/strong><\/p>\n<p>&nbsp;<\/p>\n<p><u>Rom\u00e2n\u0103:<\/u><\/p>\n<p>\u2014 <em>Cercet\u0103ri logice I<\/em>. <em>Prolegomene la logica pur\u0103<\/em>, trad. de Bogdan Olaru, Humanitas, Bucure\u0219ti, 2007.<\/p>\n<p>\u2014 <em>Cercet\u0103ri logice II\/1. Cercet\u0103ri asupra fenomenologiei \u0219i teoriei cunoa\u0219terii<\/em>. <em>Partea \u00eent\u00e2i: Cercet\u0103rile 1 \u0219i 2<\/em>, trad. de Bogdan Olaru \u0219i Christian Ferencz-Flatz, Humanitas, Bucure\u0219ti, 2009.<\/p>\n<p>\u2014 <em>Cercet\u0103ri logice II\/2. Cercet\u0103ri asupra fenomenologiei \u0219i teoriei cunoa\u0219terii. Partea a doua: Cercet\u0103rile 3, 4 \u0219i 5<\/em>, trad. de Christian Ferencz-Flatz \u0219i Ion T\u0103n\u0103sescu, Humanitas, Bucure\u0219ti, 2012.<\/p>\n<p>\u2014 <em>Cercet\u0103ri logice II\/3. Cercet\u0103ri asupra fenomenologiei \u0219i teoriei cunoa\u0219terii. Partea a treia: Cercetarea 6<\/em>, trad. de Bogdan Olaru, Humanitas, Bucure\u0219ti, 2013.<\/p>\n<p>\u2014 <em>Experien\u021b\u0103 \u0219i judecat\u0103<\/em>, trad. de Christian Ferencz-Flatz, Humanitas, Bucure\u0219ti, 2012.<\/p>\n<p>\u2014 <em>Idei privitoare la o fenomenologie pur\u0103 \u0219i la o filozofie fenomenologic\u0103 I<\/em>, trad. de Christian Ferencz-Flatz, Humanitas, Bucure\u0219ti, 2011.<\/p>\n<p>&nbsp;<\/p>\n<p><u>Englez\u0103:<\/u><\/p>\n<p>\u2014 <em>Experience and Judgment<\/em>, translated by James S. Churchill and Karl Ameriks, Routledge &amp; Kegan Paul, London, 1973.<\/p>\n<p>\u2014 <em>Ideas Pertaining to a Pure Phenomenology and to a Phenomenological Philosophy<\/em>, translated by F. Kersten, Martinus Nijhoff, The Hague, 1983.<\/p>\n<p>\u2014 <em>Logical Investigations<\/em> (II vol.), translated by J. N. Findlay, Routledge, London, 2001.<\/p>\n<p>&nbsp;<\/p>\n<p><u>German\u0103:<\/u><\/p>\n<p>\u2014 <em>Erfahrung und Urteil<\/em>, Claassen Verlag, Hamburg, 1964.<\/p>\n<p>\u2014 Hua III\/1: <em>Ideen zu einer reinen Ph<\/em><em>\u00e4nomenologie und ph\u00e4nomenologischen Philosophie<\/em> <em>I<\/em>, Martinus Nijhoff, Den Haag, 1976.<\/p>\n<p>\u2014 <em>Hua XVIII: <\/em><em>Logische Untersuchungen. Erster Band: Prolegomena zur reinen Logik<\/em><em>, <\/em>Martinus Nijhoff, Den Haag, 1975.<\/p>\n<p>\u2014 <em>Hua XIX: <\/em><em>Logische Untersuchungen. Zweiter Band: Untersuchungen zur Ph\u00e4nomenologie und Theorie der Erkenntnis<\/em>, Martinus Nijhoff, Den Haag, 1984.<\/p>\n<p>\u2014 Hua XX\/1: <em>Logische Untersuchungen Erg<\/em><em>\u00e4nzungsband<\/em>. <em>Erster Teil: Entw\u00fcrfe zur Umarbeitung der VI. Untersuchung und zur Vorrede f\u00fcr die Neuauflage der Logischen Untersuchungen (Sommer 1913)<\/em>, Springer, Dordrecht, 2002.<\/p>\n<p>\u2014 Hua XX\/2: <em>Logische Untersuchungen Erg<\/em><em>\u00e4nzungsband. Zweiter Teil: Texte f\u00fcr die Neufassung der VI. Untersuchung. Zur Ph\u00e4nomenologie des Ausdrucks und der Erkenntnis (1893\/94-1921)<\/em>, Springer, Dordrecht, 2005.<\/p>\n<p>\u2014 Hua Dok III\/1: <em>Briefwechsel<\/em>. <em>Band I: Die Brentanoschule<\/em>. Karl Schumann (ed.). Springer, Dordrecht.<\/p>\n<p>\u2014 Hua M III: <em>Allgemeine Erkenntnistheorie. Vorlesung 1902\/03<\/em>, Dordrecht, Springer, 2001.<\/p>\n<p>&nbsp;<\/p>\n<p><strong>Franz Brentano<\/strong><\/p>\n<p>&nbsp;<\/p>\n<p><u>Rom\u00e2n\u0103:<\/u><\/p>\n<p>\u2014 <em>Psihologia din punct de vedere empiric<\/em>. <em>Cartea a doua<\/em>: <em>Despre fenomenele psihice \u00een general<\/em>, <em>cap. 1: Despre deosebirile dintre fenomenele psihice \u0219i fizice<\/em>, trad. de Ion T\u0103n\u0103sescu, \u00een <em>Conceptul de inten\u021bionalitate la Brentano. Origini \u0219i interpret\u0103ri. Antologie<\/em>, coord. de Ion T\u0103n\u0103sescu, Paideia, Bucure\u0219ti, 2002, pp. 23\u201355.<\/p>\n<p>&nbsp;<\/p>\n<p><u>Englez\u0103:<\/u><\/p>\n<p>\u2014 <em>Psychology from an Empirical Standpoint<\/em>, translated by Antos C. Rancurello, D. B. Terrell and Linda L. McAlister, Routledge, London, 2015.<\/p>\n<p>\u2014 <em>Descriptive Psychology<\/em>, translated by Benito M\u00fcller, Taylor &amp; Francis e-Library, London, 2002.<\/p>\n<p>&nbsp;<\/p>\n<p><u>German\u0103:<\/u><\/p>\n<p>\u2014 <em>Deskriptive Psychologie<\/em>, hrsgb. von Roderick Chisholm und Wilhelm Baumgartner, Felix Meiner, Hamburg, 1982.<\/p>\n<p>\u2014 <em>Psychologie vom empirischen Standpunkt<\/em>.<em> Erster Band<\/em>, hrsgb. von Oscar Kraus, Felix Meiner, Hamburg, 1924.<\/p>\n<p>\u2014 <em>\u00dcber die Zukunft der Philosophie<\/em>, Felix Meiner, Hamburg, 1929.<\/p>\n<p>&nbsp;<\/p>\n<p><strong>Alte surse:<\/strong><\/p>\n<p>Adam Kendon, <em>Gesture<\/em>. <em>Visible Action as Utterance<\/em>, Cambridge University Press, Cambridge, 2004.<\/p>\n<p>David McNeill, <em>Hand and Mind. What Gestures Reveal About Thought<\/em>, The University of Chicago Press, London, 1992.<\/p>\n<p>&nbsp;<\/p>\n","protected":false},"excerpt":{"rendered":"<p>&nbsp; Dr. Alexandru Bejinariu &nbsp; Introducere \u00een fenomenologie: E. Husserl, Cercet\u0103ri logice \u00a0(Cercetarea a VI-a) Semestrul al II-lea, 2021\/22 &nbsp; Acest curs preia demersul \u00eenceput \u00een semestrul I, trec\u00e2nd la ultima cercetare logic\u0103 a lui Edmund Husserl. Dac\u0103 Cercetarea a V-a \u00ee\u0219i propunea s\u0103\u00a0ofere o clarificare a tr\u0103irilor inten\u021bionale \u0219i a conceptului lor de con\u021binut,&hellip;<\/p>\n","protected":false},"author":1,"featured_media":0,"parent":0,"menu_order":0,"comment_status":"closed","ping_status":"closed","template":"","meta":{"footnotes":""},"class_list":["post-760","page","type-page","status-publish","hentry"],"_links":{"self":[{"href":"https:\/\/csf.filosofie.unibuc.ro\/index.php?rest_route=\/wp\/v2\/pages\/760","targetHints":{"allow":["GET"]}}],"collection":[{"href":"https:\/\/csf.filosofie.unibuc.ro\/index.php?rest_route=\/wp\/v2\/pages"}],"about":[{"href":"https:\/\/csf.filosofie.unibuc.ro\/index.php?rest_route=\/wp\/v2\/types\/page"}],"author":[{"embeddable":true,"href":"https:\/\/csf.filosofie.unibuc.ro\/index.php?rest_route=\/wp\/v2\/users\/1"}],"replies":[{"embeddable":true,"href":"https:\/\/csf.filosofie.unibuc.ro\/index.php?rest_route=%2Fwp%2Fv2%2Fcomments&post=760"}],"version-history":[{"count":4,"href":"https:\/\/csf.filosofie.unibuc.ro\/index.php?rest_route=\/wp\/v2\/pages\/760\/revisions"}],"predecessor-version":[{"id":765,"href":"https:\/\/csf.filosofie.unibuc.ro\/index.php?rest_route=\/wp\/v2\/pages\/760\/revisions\/765"}],"wp:attachment":[{"href":"https:\/\/csf.filosofie.unibuc.ro\/index.php?rest_route=%2Fwp%2Fv2%2Fmedia&parent=760"}],"curies":[{"name":"wp","href":"https:\/\/api.w.org\/{rel}","templated":true}]}}