{"id":770,"date":"2022-09-10T12:48:57","date_gmt":"2022-09-10T10:48:57","guid":{"rendered":"https:\/\/csf.filosofie.unibuc.ro\/?page_id=770"},"modified":"2022-09-10T12:57:43","modified_gmt":"2022-09-10T10:57:43","slug":"figura-lui-socrate-2022-23-sem-i","status":"publish","type":"page","link":"https:\/\/csf.filosofie.unibuc.ro\/?page_id=770","title":{"rendered":"Figura lui Socrate (2022\/23, sem. I)"},"content":{"rendered":"<p>&nbsp;<\/p>\n<p>Dr. Raluca Bujor<\/p>\n<p>&nbsp;<\/p>\n<p>Titlul cursului op\u021bional: <em>Figura lui Socrate<\/em><\/p>\n<p>Ciclu de studii: Licen\u021b\u0103 \u0219i Master<\/p>\n<p>Num\u0103r de ore pe s\u0103pt\u0103m\u00e2n\u0103: 2 ore (curs) + 2 ore (seminar)<\/p>\n<p>&nbsp;<\/p>\n<p><a href=\"https:\/\/csf.filosofie.unibuc.ro\/wp-content\/uploads\/2022\/09\/Raluca-BUJOR-Figura-lui-Socrate-1.pdf\">Raluca BUJOR, Figura lui Socrate<\/a><\/p>\n","protected":false},"excerpt":{"rendered":"<p>&nbsp; Dr. Raluca Bujor &nbsp; Titlul cursului op\u021bional: Figura lui Socrate Ciclu de studii: Licen\u021b\u0103 \u0219i Master Num\u0103r de ore pe s\u0103pt\u0103m\u00e2n\u0103: 2 ore (curs) + 2 ore (seminar) &nbsp; Raluca BUJOR, Figura lui Socrate<\/p>\n","protected":false},"author":1,"featured_media":0,"parent":0,"menu_order":0,"comment_status":"closed","ping_status":"closed","template":"","meta":{"footnotes":""},"class_list":["post-770","page","type-page","status-publish","hentry"],"_links":{"self":[{"href":"https:\/\/csf.filosofie.unibuc.ro\/index.php?rest_route=\/wp\/v2\/pages\/770","targetHints":{"allow":["GET"]}}],"collection":[{"href":"https:\/\/csf.filosofie.unibuc.ro\/index.php?rest_route=\/wp\/v2\/pages"}],"about":[{"href":"https:\/\/csf.filosofie.unibuc.ro\/index.php?rest_route=\/wp\/v2\/types\/page"}],"author":[{"embeddable":true,"href":"https:\/\/csf.filosofie.unibuc.ro\/index.php?rest_route=\/wp\/v2\/users\/1"}],"replies":[{"embeddable":true,"href":"https:\/\/csf.filosofie.unibuc.ro\/index.php?rest_route=%2Fwp%2Fv2%2Fcomments&post=770"}],"version-history":[{"count":4,"href":"https:\/\/csf.filosofie.unibuc.ro\/index.php?rest_route=\/wp\/v2\/pages\/770\/revisions"}],"predecessor-version":[{"id":779,"href":"https:\/\/csf.filosofie.unibuc.ro\/index.php?rest_route=\/wp\/v2\/pages\/770\/revisions\/779"}],"wp:attachment":[{"href":"https:\/\/csf.filosofie.unibuc.ro\/index.php?rest_route=%2Fwp%2Fv2%2Fmedia&parent=770"}],"curies":[{"name":"wp","href":"https:\/\/api.w.org\/{rel}","templated":true}]}}