{"id":806,"date":"2023-01-20T19:11:41","date_gmt":"2023-01-20T17:11:41","guid":{"rendered":"https:\/\/csf.filosofie.unibuc.ro\/?page_id=806"},"modified":"2026-01-22T09:18:35","modified_gmt":"2026-01-22T07:18:35","slug":"teme-ale-gandirii-grecesti-de-la-mythos-la-logos-master-icif-anul-i","status":"publish","type":"page","link":"https:\/\/csf.filosofie.unibuc.ro\/?page_id=806","title":{"rendered":"Teme ale g\u00e2ndirii grece\u0219ti. De la mythos la logos (master ICIF, anul I)"},"content":{"rendered":"<p>&nbsp;<\/p>\n<p style=\"text-align: center;\"><strong>TEME ALE G\u00c2NDIRII GRECE\u0218TI. <\/strong><\/p>\n<p style=\"text-align: center;\"><strong>DE LA <em>MYTHOS<\/em> LA <em>LOGOS<\/em><\/strong><\/p>\n<ol>\n<li style=\"font-weight: 400;\">Cele mai vechi structuri ale sinelui \u00een Grecia, la Homer. Sensurile \u00eenc\u0103 neunificate ale vederii, ale corporalit\u0103\u021bii \u0219i ale sufletului \u00een poezia homeric\u0103. Diferen\u021ba \u00eentre \u00een\u021belegerea sufletului la Homer \u0219i la Heraclit Text: B. <strong>SNELL, <\/strong><strong><em>Descoperirea spiritului<\/em><\/strong>. Capitolul: Concep\u021bia despre om la Homer<\/li>\n<\/ol>\n<ol start=\"2\">\n<li style=\"font-weight: 400;\">Ce este un zeu grec? Felul \u00een care omul grec se \u00een\u021belege pe sine prin raport cu zeul. Zeul \u0219i natura (<em>physis<\/em>). Zeul grec ca putere \u0219i nu ca persoan\u0103. Despre \u00een\u021belesurile puterii \u00a0 Texte: B. <strong>SNELL, <\/strong><strong><em>Descoperirea spiritului<\/em><\/strong>. Capitolul: Credin\u021ba \u00een zeii olimpieni; <strong>E.R. DODDS, <em>Grecii \u0219i ira\u021bionalul<\/em>.<\/strong> Capitolul: Ap\u0103rarea lui Agamemnon; <strong>J.-P. VERNANT, <em>Mit \u0219i g\u00e2ndire \u00een Grecia Antic\u0103<\/em><\/strong><em>. <\/em>Capitolul: Aspecte ale cultului persoanei \u00een religia greac\u0103<\/li>\n<\/ol>\n<ol start=\"3\">\n<li style=\"font-weight: 400;\">Zeii greci \u00een poemele lui Hesiod. Divinul ca principiu ordonator \u0219i putere conduc\u0103toare (<em>arch\u00e9<\/em>). Lupta constant\u0103 a ordinii cu r\u0103ul. Rolul lui Hesiod \u00een configurarea <em>polis<\/em>-ului grec. Centralitatea disputei (<em>eris<\/em>) dintre dreptate \u0219i nedreptate (<em>dike &#8211; hybris<\/em>). Hesiod ca o prim\u0103 surs\u0103 a contrariet\u0103\u021bii \u0219i a raportului Unu-Multiplu (<em>hen &#8211; polla<\/em>). Texte: B. <strong>SNELL, <\/strong><strong><em>Descoperirea spiritului<\/em><\/strong>. Capitolul: Lumea zeilor la Hesiod; <strong>J.-P. VERNANT, <em>Mit \u0219i g\u00e2ndire \u00een Grecia Antic\u0103<\/em><\/strong><em>. <\/em>Capitolul: Mitul hesiodic al v\u00e2rstelor. \u00cencercare de analiz\u0103 structural\u0103<\/li>\n<\/ol>\n<ol start=\"4\">\n<li style=\"font-weight: 400;\">Lirica greac\u0103 (Archilochos, Sappho, Anacreon) \u0219i complexitatea interiorit\u0103\u021bii omului. Descoperirea afectelor \u0219i a contrariet\u0103\u021bii lor. Texte: B. <strong>SNELL, <\/strong><strong><em>Descoperirea spiritului<\/em><\/strong>. Capitolul: Trezirea personalit\u0103\u021bii \u00een poezia liric\u0103 greac\u0103 timpurie<\/li>\n<\/ol>\n<ol start=\"5\">\n<li style=\"font-weight: 400;\">Apari\u021bia <em>polis<\/em>-ului \u0219i rolul clasei r\u0103zboinicilor \u00een configurarea primului spa\u021biu pre-politic. Sensul circularit\u0103\u021bii \u0219i importan\u021ba centrului \u00een configurarea <em>polis<\/em>-ului. Legea \u2013 Dreptatea \u2013 Cump\u0103tarea (<em>nomos &#8211; dike &#8211; sophrosyne).<\/em> Texte: M. <strong>DETIENNE, <em>St\u0103p\u00e2nitorii de adev\u0103r \u00een Grecia arhaic\u0103<\/em><\/strong><em>. <\/em>Capitolul: Procesul de laicizare; <strong>J.-P. VERNANT, <em>Originile g\u00e2ndirii grece\u0219ti.<\/em> <\/strong>Capitolele: Universul spiritual al <em>polis-ului; <\/em>Criza cet\u0103\u021bii. Cei dint\u00e2i \u00een\u021belep\u021bi; Organizarea cosmosului uman<\/li>\n<\/ol>\n<ol start=\"6\">\n<li style=\"font-weight: 400;\">Diferite aspecte ale cunoa\u0219terii la greci. \u00cen\u021belegerea istoriei \u0219i na\u0219terea \u0219tiin\u021bei istoriei. Texte: B. <strong>SNELL,<\/strong>\u00a0<strong><em>Descoperirea spiritului<\/em><\/strong>. Capitolul: Despre na\u0219terea con\u0219tiin\u021bei istorice<\/li>\n<\/ol>\n<ol start=\"7\">\n<li style=\"font-weight: 400;\">Diferite aspecte ale cunoa\u0219terii la greci. Perfec\u021biunea (virtutea, excelen\u021ba) \u0219i dezvoltarea eticii. Texte: B. <strong>SNELL,<\/strong>\u00a0<strong><em>Descoperirea spiritului<\/em><\/strong>. Capitolele: Simbolismul c\u0103ii; \u00cendemn la virtute. Un scurt capitol din etica greac\u0103<\/li>\n<\/ol>\n<ol start=\"8\">\n<li style=\"font-weight: 400;\">Diferite aspecte ale cunoa\u0219terii la greci. Filosofia \u0219i formarea cunoa\u0219terii \u0219tiin\u021bifice. Texte: B. <strong>SNELL,<\/strong>\u00a0<strong><em>Descoperirea spiritului<\/em><\/strong>. Capitolele: Cunoa\u0219terea omeneasc\u0103 \u0219i cea divin\u0103; Formarea conceptelor \u0219tiin\u021bei naturii \u00een limba greac\u0103<\/li>\n<\/ol>\n<ol start=\"9\">\n<li style=\"font-weight: 400;\">Tragedia greac\u0103: rolul ei \u00een <em>polis<\/em> \u0219i \u00een constituirea agentului (a voin\u021bei, a sinelui, a individului) ca responsabil de o ac\u021biune. Texte: B. <strong>SNELL, <\/strong><strong><em>Descoperirea spiritului<\/em><\/strong>. Capitolele: Mit \u0219i realitate \u00een tragedia greac\u0103; Aristofan \u0219i estetica<\/li>\n<\/ol>\n<p>&nbsp;<\/p>\n<p>&nbsp;<\/p>\n<p style=\"text-align: center;\"><strong>BIBLIOGRAFIE<\/strong><\/p>\n<p>&nbsp;<\/p>\n<p>Jan N. BREMMER, <em>The Early Greek Concept of the Soul<\/em>, Princeton Univ. Press, Princeton, 1983<\/p>\n<p>Francis M. CORNFORD, <em>De la religie la filosofie<\/em>, Herald, Bucure\u0219ti, 2009<\/p>\n<p>Marcel DETIENNE, <em>St\u0103p\u00e2nitorii de adev\u0103r \u00een Grecia arhaic\u0103<\/em>, Symposion, Bucure\u0219ti, 1996<\/p>\n<p>Marcel DETIENNE &amp; Jean-Pierre VERNANT, <em>Vicle\u0219ugurile inteligen\u021bei. Metis la greci<\/em>, Symposion, Bucure\u0219ti, 1999<\/p>\n<p>Eric R. DODDS, <em>Grecii \u0219i ira\u021bionalul<\/em>, Polirom, Ia\u0219i, 1998<\/p>\n<p>Werner JAEGER, <em>Paideia<\/em>, Ed. Paideia, Bucure\u0219ti, 2019<\/p>\n<p>Hugh LLOYD-JONES, <em>The Justice of Zeus<\/em>, Univ. of California Press, Berkeley-Los Angeles, 1971<\/p>\n<p>Bogdan MINC\u0102, \u201eDespre \u021besuturi \u0219i ve\u0219minte \u00een Grecia arhaic\u0103\u201c, \u00een: Sebastian Grama (ed.), <em>Idee \u0219i ve\u0219m\u00e2nt<\/em>, Ed. Univ. din Bucure\u0219ti, Bucure\u0219ti, 2023<\/p>\n<p>Richard B. ONIANS, <em>The Origins of European Thought. About the Mind, the Body, the Soul, the World, Time and Fate<\/em>, Cambridge University Press, Cambridge UK, 1951<\/p>\n<p>Walter OTTO, <em>Zeii Greciei<\/em>, Humanitas, Bucure\u0219ti, 1995<\/p>\n<p>Bruno SNELL, <em>Descoperirea spiritului. Studii despre na\u0219terea g\u00e2ndirii europene la greci<\/em>, Ratio et Revelatio, Oradea, 2025<\/p>\n<p>Jean-Pierre VERNANT, <em>Mit \u0219i g\u00e2ndire \u00een Grecia Antic\u0103<\/em>, Meridiane, Bucure\u0219ti, 1995<\/p>\n<p>Jean-Pierre VERNANT, <em>Mit \u0219i religie \u00een Grecia Antic\u0103<\/em>, Meridiane, Bucure\u0219ti, 1995<\/p>\n<p>Jean-Pierre VERNANT, <em>Originile g\u00e2ndirii grece\u0219ti<\/em>, Symposion, Bucure\u0219ti, 1995<\/p>\n","protected":false},"excerpt":{"rendered":"<p>&nbsp; TEME ALE G\u00c2NDIRII GRECE\u0218TI. DE LA MYTHOS LA LOGOS Cele mai vechi structuri ale sinelui \u00een Grecia, la Homer. Sensurile \u00eenc\u0103 neunificate ale vederii, ale corporalit\u0103\u021bii \u0219i ale sufletului \u00een poezia homeric\u0103. Diferen\u021ba \u00eentre \u00een\u021belegerea sufletului la Homer \u0219i la Heraclit Text: B. SNELL, Descoperirea spiritului. Capitolul: Concep\u021bia despre om la Homer Ce este&hellip;<\/p>\n","protected":false},"author":1,"featured_media":0,"parent":0,"menu_order":0,"comment_status":"closed","ping_status":"closed","template":"","meta":{"footnotes":""},"class_list":["post-806","page","type-page","status-publish","hentry"],"_links":{"self":[{"href":"https:\/\/csf.filosofie.unibuc.ro\/index.php?rest_route=\/wp\/v2\/pages\/806","targetHints":{"allow":["GET"]}}],"collection":[{"href":"https:\/\/csf.filosofie.unibuc.ro\/index.php?rest_route=\/wp\/v2\/pages"}],"about":[{"href":"https:\/\/csf.filosofie.unibuc.ro\/index.php?rest_route=\/wp\/v2\/types\/page"}],"author":[{"embeddable":true,"href":"https:\/\/csf.filosofie.unibuc.ro\/index.php?rest_route=\/wp\/v2\/users\/1"}],"replies":[{"embeddable":true,"href":"https:\/\/csf.filosofie.unibuc.ro\/index.php?rest_route=%2Fwp%2Fv2%2Fcomments&post=806"}],"version-history":[{"count":9,"href":"https:\/\/csf.filosofie.unibuc.ro\/index.php?rest_route=\/wp\/v2\/pages\/806\/revisions"}],"predecessor-version":[{"id":897,"href":"https:\/\/csf.filosofie.unibuc.ro\/index.php?rest_route=\/wp\/v2\/pages\/806\/revisions\/897"}],"wp:attachment":[{"href":"https:\/\/csf.filosofie.unibuc.ro\/index.php?rest_route=%2Fwp%2Fv2%2Fmedia&parent=806"}],"curies":[{"name":"wp","href":"https:\/\/api.w.org\/{rel}","templated":true}]}}